{"id":38,"date":"2022-11-06T13:40:50","date_gmt":"2022-11-06T12:40:50","guid":{"rendered":"https:\/\/delarte.es\/digitart\/?page_id=38"},"modified":"2024-01-20T18:38:20","modified_gmt":"2024-01-20T17:38:20","slug":"ilusiones","status":"publish","type":"page","link":"https:\/\/delarte.es\/digitart\/ilusiones\/","title":{"rendered":"Visiones"},"content":{"rendered":"\n<div class=\"wp-block-cover alignfull is-light has-parallax\" style=\"min-height:452px;aspect-ratio:unset;\"><span aria-hidden=\"true\" class=\"wp-block-cover__background has-background-dim-20 has-background-dim\"><\/span><div role=\"img\" class=\"wp-block-cover__image-background wp-image-706 has-parallax\" style=\"background-position:50% 50%;background-image:url(https:\/\/delarte.es\/digitart\/wp-content\/uploads\/2022\/11\/mujer-chaman_cabecera.jpg)\"><\/div><div class=\"wp-block-cover__inner-container is-layout-flow wp-block-cover-is-layout-flow\">\n<p class=\"has-text-align-center has-theme-palette-9-color has-text-color\" style=\"font-size:60px\">Visiones<\/p>\n\n\n\n<h3 class=\"wp-block-heading has-text-align-center has-theme-palette-9-color has-text-color has-large-font-size\" style=\"font-style:normal;font-weight:300\">Collages gr\u00e1ficos<\/h3>\n<\/div><\/div>\n\n\n\n<div class=\"wp-block-columns is-layout-flex wp-container-core-columns-is-layout-2 wp-block-columns-is-layout-flex\">\n<div class=\"wp-block-column is-layout-flow wp-block-column-is-layout-flow\">\n<div class=\"wp-block-columns is-layout-flex wp-container-core-columns-is-layout-1 wp-block-columns-is-layout-flex\">\n<div class=\"wp-block-column is-layout-flow wp-block-column-is-layout-flow\" style=\"flex-basis:25%\"><\/div>\n\n\n\n<div class=\"wp-block-column is-layout-flow wp-block-column-is-layout-flow\" style=\"flex-basis:50%\">\n<p>Collages gr\u00e1ficos utiliza im\u00e1genes de libre acceso y reproducciones de pinturas relevantes del Arte de todas las \u00e9pocas, ofreciendo una reinterpretaci\u00f3n cr\u00edtica, mordaz, social, o conceptual, adaptando el contenido a la \u00e9poca contempor\u00e1nea. La serie de inmigraci\u00f3n est\u00e1 realizada con miles de peque\u00f1as im\u00e1genes compuestas a modo de puzzle. <\/p>\n<\/div>\n\n\n\n<div class=\"wp-block-column is-layout-flow wp-block-column-is-layout-flow\" style=\"flex-basis:25%\"><\/div>\n<\/div>\n<\/div>\n<\/div>\n\n\n\n<figure class=\"wp-block-gallery has-nested-images columns-5 is-cropped wp-block-gallery-1 is-layout-flex wp-block-gallery-is-layout-flex\">\n<figure class=\"wp-block-image size-full\"><a href=\"https:\/\/delarte.es\/digitart\/wp-content\/uploads\/2022\/11\/venus-espejo.jpg\"><img loading=\"lazy\" decoding=\"async\" width=\"1600\" height=\"1122\" data-id=\"611\" src=\"https:\/\/delarte.es\/digitart\/wp-content\/uploads\/2022\/11\/venus-espejo.jpg\" alt=\"Espejo infinito\" class=\"wp-image-611\" srcset=\"https:\/\/delarte.es\/digitart\/wp-content\/uploads\/2022\/11\/venus-espejo.jpg 1600w, https:\/\/delarte.es\/digitart\/wp-content\/uploads\/2022\/11\/venus-espejo-600x421.jpg 600w, https:\/\/delarte.es\/digitart\/wp-content\/uploads\/2022\/11\/venus-espejo-1540x1080.jpg 1540w, https:\/\/delarte.es\/digitart\/wp-content\/uploads\/2022\/11\/venus-espejo-768x539.jpg 768w, https:\/\/delarte.es\/digitart\/wp-content\/uploads\/2022\/11\/venus-espejo-1536x1077.jpg 1536w\" sizes=\"auto, (max-width: 1600px) 100vw, 1600px\" \/><\/a><figcaption class=\"wp-element-caption\">Espejo infinito<\/figcaption><\/figure>\n\n\n\n<figure class=\"wp-block-image size-full\"><a href=\"https:\/\/delarte.es\/digitart\/wp-content\/uploads\/2022\/11\/the-first-paparazzi.jpg\"><img loading=\"lazy\" decoding=\"async\" width=\"1421\" height=\"2048\" data-id=\"610\" src=\"https:\/\/delarte.es\/digitart\/wp-content\/uploads\/2022\/11\/the-first-paparazzi.jpg\" alt=\"the first paparazzi\" class=\"wp-image-610\" srcset=\"https:\/\/delarte.es\/digitart\/wp-content\/uploads\/2022\/11\/the-first-paparazzi.jpg 1421w, https:\/\/delarte.es\/digitart\/wp-content\/uploads\/2022\/11\/the-first-paparazzi-416x600.jpg 416w, https:\/\/delarte.es\/digitart\/wp-content\/uploads\/2022\/11\/the-first-paparazzi-749x1080.jpg 749w, https:\/\/delarte.es\/digitart\/wp-content\/uploads\/2022\/11\/the-first-paparazzi-768x1107.jpg 768w, https:\/\/delarte.es\/digitart\/wp-content\/uploads\/2022\/11\/the-first-paparazzi-1066x1536.jpg 1066w\" sizes=\"auto, (max-width: 1421px) 100vw, 1421px\" \/><\/a><figcaption class=\"wp-element-caption\">The first paparazzi<\/figcaption><\/figure>\n\n\n\n<figure class=\"wp-block-image size-full\"><a href=\"https:\/\/delarte.es\/digitart\/wp-content\/uploads\/2022\/11\/Tell-her-something....jpg\"><img loading=\"lazy\" decoding=\"async\" width=\"1010\" height=\"1318\" data-id=\"609\" src=\"https:\/\/delarte.es\/digitart\/wp-content\/uploads\/2022\/11\/Tell-her-something....jpg\" alt=\"Dile algo...\" class=\"wp-image-609\" srcset=\"https:\/\/delarte.es\/digitart\/wp-content\/uploads\/2022\/11\/Tell-her-something....jpg 1010w, https:\/\/delarte.es\/digitart\/wp-content\/uploads\/2022\/11\/Tell-her-something...-460x600.jpg 460w, https:\/\/delarte.es\/digitart\/wp-content\/uploads\/2022\/11\/Tell-her-something...-828x1080.jpg 828w, https:\/\/delarte.es\/digitart\/wp-content\/uploads\/2022\/11\/Tell-her-something...-768x1002.jpg 768w\" sizes=\"auto, (max-width: 1010px) 100vw, 1010px\" \/><\/a><figcaption class=\"wp-element-caption\">Dile algo&#8230;<\/figcaption><\/figure>\n\n\n\n<figure class=\"wp-block-image size-full\"><a href=\"https:\/\/delarte.es\/digitart\/wp-content\/uploads\/2022\/11\/santa-institucion-scaled.jpg\"><img loading=\"lazy\" decoding=\"async\" width=\"2560\" height=\"2560\" data-id=\"608\" src=\"https:\/\/delarte.es\/digitart\/wp-content\/uploads\/2022\/11\/santa-institucion-scaled.jpg\" alt=\"Santa instituci\u00f3n\" class=\"wp-image-608\" srcset=\"https:\/\/delarte.es\/digitart\/wp-content\/uploads\/2022\/11\/santa-institucion-scaled.jpg 2560w, https:\/\/delarte.es\/digitart\/wp-content\/uploads\/2022\/11\/santa-institucion-600x600.jpg 600w, https:\/\/delarte.es\/digitart\/wp-content\/uploads\/2022\/11\/santa-institucion-1080x1080.jpg 1080w, https:\/\/delarte.es\/digitart\/wp-content\/uploads\/2022\/11\/santa-institucion-300x300.jpg 300w, https:\/\/delarte.es\/digitart\/wp-content\/uploads\/2022\/11\/santa-institucion-768x768.jpg 768w, https:\/\/delarte.es\/digitart\/wp-content\/uploads\/2022\/11\/santa-institucion-1536x1536.jpg 1536w, https:\/\/delarte.es\/digitart\/wp-content\/uploads\/2022\/11\/santa-institucion-2048x2048.jpg 2048w\" sizes=\"auto, (max-width: 2560px) 100vw, 2560px\" \/><\/a><figcaption class=\"wp-element-caption\">Santa instituci\u00f3n<\/figcaption><\/figure>\n\n\n\n<figure class=\"wp-block-image size-full\"><a href=\"https:\/\/delarte.es\/digitart\/wp-content\/uploads\/2022\/11\/Portada-Arte-1.jpg\"><img loading=\"lazy\" decoding=\"async\" width=\"1043\" height=\"850\" data-id=\"607\" src=\"https:\/\/delarte.es\/digitart\/wp-content\/uploads\/2022\/11\/Portada-Arte-1.jpg\" alt=\"Intercambio\" class=\"wp-image-607\" srcset=\"https:\/\/delarte.es\/digitart\/wp-content\/uploads\/2022\/11\/Portada-Arte-1.jpg 1043w, https:\/\/delarte.es\/digitart\/wp-content\/uploads\/2022\/11\/Portada-Arte-1-600x489.jpg 600w, https:\/\/delarte.es\/digitart\/wp-content\/uploads\/2022\/11\/Portada-Arte-1-768x626.jpg 768w\" sizes=\"auto, (max-width: 1043px) 100vw, 1043px\" \/><\/a><figcaption class=\"wp-element-caption\">Intercambio<\/figcaption><\/figure>\n\n\n\n<figure class=\"wp-block-image size-full\"><a href=\"https:\/\/delarte.es\/digitart\/wp-content\/uploads\/2022\/11\/poema_visual.jpg\"><img loading=\"lazy\" decoding=\"async\" width=\"720\" height=\"945\" data-id=\"606\" src=\"https:\/\/delarte.es\/digitart\/wp-content\/uploads\/2022\/11\/poema_visual.jpg\" alt=\"La puerta\" class=\"wp-image-606\" srcset=\"https:\/\/delarte.es\/digitart\/wp-content\/uploads\/2022\/11\/poema_visual.jpg 720w, https:\/\/delarte.es\/digitart\/wp-content\/uploads\/2022\/11\/poema_visual-457x600.jpg 457w\" sizes=\"auto, (max-width: 720px) 100vw, 720px\" \/><\/a><figcaption class=\"wp-element-caption\">La puerta<\/figcaption><\/figure>\n\n\n\n<figure class=\"wp-block-image size-full\"><a href=\"https:\/\/delarte.es\/digitart\/wp-content\/uploads\/2022\/11\/Pitonisa_w.jpg\"><img loading=\"lazy\" decoding=\"async\" width=\"1200\" height=\"1544\" data-id=\"605\" src=\"https:\/\/delarte.es\/digitart\/wp-content\/uploads\/2022\/11\/Pitonisa_w.jpg\" alt=\"Pitonisa\" class=\"wp-image-605\" srcset=\"https:\/\/delarte.es\/digitart\/wp-content\/uploads\/2022\/11\/Pitonisa_w.jpg 1200w, https:\/\/delarte.es\/digitart\/wp-content\/uploads\/2022\/11\/Pitonisa_w-466x600.jpg 466w, https:\/\/delarte.es\/digitart\/wp-content\/uploads\/2022\/11\/Pitonisa_w-839x1080.jpg 839w, https:\/\/delarte.es\/digitart\/wp-content\/uploads\/2022\/11\/Pitonisa_w-768x988.jpg 768w, https:\/\/delarte.es\/digitart\/wp-content\/uploads\/2022\/11\/Pitonisa_w-1194x1536.jpg 1194w\" sizes=\"auto, (max-width: 1200px) 100vw, 1200px\" \/><\/a><figcaption class=\"wp-element-caption\">Pitonisa<\/figcaption><\/figure>\n\n\n\n<figure class=\"wp-block-image size-full\"><a href=\"https:\/\/delarte.es\/digitart\/wp-content\/uploads\/2022\/11\/patera_2-1.jpg\"><img loading=\"lazy\" decoding=\"async\" width=\"1268\" height=\"952\" data-id=\"743\" src=\"https:\/\/delarte.es\/digitart\/wp-content\/uploads\/2022\/11\/patera_2-1.jpg\" alt=\"Patera\" class=\"wp-image-743\" srcset=\"https:\/\/delarte.es\/digitart\/wp-content\/uploads\/2022\/11\/patera_2-1.jpg 1268w, https:\/\/delarte.es\/digitart\/wp-content\/uploads\/2022\/11\/patera_2-1-600x450.jpg 600w, https:\/\/delarte.es\/digitart\/wp-content\/uploads\/2022\/11\/patera_2-1-768x577.jpg 768w\" sizes=\"auto, (max-width: 1268px) 100vw, 1268px\" \/><\/a><figcaption class=\"wp-element-caption\">Patera<\/figcaption><\/figure>\n\n\n\n<figure class=\"wp-block-image size-full\"><a href=\"https:\/\/delarte.es\/digitart\/wp-content\/uploads\/2022\/11\/patera_1_w.jpg\"><img loading=\"lazy\" decoding=\"async\" width=\"1281\" height=\"855\" data-id=\"741\" src=\"https:\/\/delarte.es\/digitart\/wp-content\/uploads\/2022\/11\/patera_1_w.jpg\" alt=\"Futuro incierto\" class=\"wp-image-741\" srcset=\"https:\/\/delarte.es\/digitart\/wp-content\/uploads\/2022\/11\/patera_1_w.jpg 1281w, https:\/\/delarte.es\/digitart\/wp-content\/uploads\/2022\/11\/patera_1_w-600x400.jpg 600w, https:\/\/delarte.es\/digitart\/wp-content\/uploads\/2022\/11\/patera_1_w-768x513.jpg 768w\" sizes=\"auto, (max-width: 1281px) 100vw, 1281px\" \/><\/a><figcaption class=\"wp-element-caption\">Futuro incierto<\/figcaption><\/figure>\n\n\n\n<figure class=\"wp-block-image size-full\"><a href=\"https:\/\/delarte.es\/digitart\/wp-content\/uploads\/2022\/11\/naufrago-1.jpg\"><img loading=\"lazy\" decoding=\"async\" width=\"1281\" height=\"858\" data-id=\"744\" src=\"https:\/\/delarte.es\/digitart\/wp-content\/uploads\/2022\/11\/naufrago-1.jpg\" alt=\"\u00bfA salvo?\" class=\"wp-image-744\" srcset=\"https:\/\/delarte.es\/digitart\/wp-content\/uploads\/2022\/11\/naufrago-1.jpg 1281w, https:\/\/delarte.es\/digitart\/wp-content\/uploads\/2022\/11\/naufrago-1-600x402.jpg 600w, https:\/\/delarte.es\/digitart\/wp-content\/uploads\/2022\/11\/naufrago-1-768x514.jpg 768w\" sizes=\"auto, (max-width: 1281px) 100vw, 1281px\" \/><\/a><figcaption class=\"wp-element-caption\">\u00bfA salvo?<\/figcaption><\/figure>\n\n\n\n<figure class=\"wp-block-image size-full\"><a href=\"https:\/\/delarte.es\/digitart\/wp-content\/uploads\/2022\/11\/mujer-chaman.jpg\"><img loading=\"lazy\" decoding=\"async\" width=\"2000\" height=\"2000\" data-id=\"601\" src=\"https:\/\/delarte.es\/digitart\/wp-content\/uploads\/2022\/11\/mujer-chaman.jpg\" alt=\"Mujer cham\u00e1n\" class=\"wp-image-601\" srcset=\"https:\/\/delarte.es\/digitart\/wp-content\/uploads\/2022\/11\/mujer-chaman.jpg 2000w, https:\/\/delarte.es\/digitart\/wp-content\/uploads\/2022\/11\/mujer-chaman-600x600.jpg 600w, https:\/\/delarte.es\/digitart\/wp-content\/uploads\/2022\/11\/mujer-chaman-1080x1080.jpg 1080w, https:\/\/delarte.es\/digitart\/wp-content\/uploads\/2022\/11\/mujer-chaman-300x300.jpg 300w, https:\/\/delarte.es\/digitart\/wp-content\/uploads\/2022\/11\/mujer-chaman-768x768.jpg 768w, https:\/\/delarte.es\/digitart\/wp-content\/uploads\/2022\/11\/mujer-chaman-1536x1536.jpg 1536w\" sizes=\"auto, (max-width: 2000px) 100vw, 2000px\" \/><\/a><figcaption class=\"wp-element-caption\">Mujer cham\u00e1n<\/figcaption><\/figure>\n\n\n\n<figure class=\"wp-block-image size-full\"><a href=\"https:\/\/delarte.es\/digitart\/wp-content\/uploads\/2022\/11\/Marte_Hoy.jpg\"><img loading=\"lazy\" decoding=\"async\" width=\"773\" height=\"1125\" data-id=\"600\" src=\"https:\/\/delarte.es\/digitart\/wp-content\/uploads\/2022\/11\/Marte_Hoy.jpg\" alt=\"El dios de todos\" class=\"wp-image-600\" srcset=\"https:\/\/delarte.es\/digitart\/wp-content\/uploads\/2022\/11\/Marte_Hoy.jpg 773w, https:\/\/delarte.es\/digitart\/wp-content\/uploads\/2022\/11\/Marte_Hoy-412x600.jpg 412w, https:\/\/delarte.es\/digitart\/wp-content\/uploads\/2022\/11\/Marte_Hoy-742x1080.jpg 742w, https:\/\/delarte.es\/digitart\/wp-content\/uploads\/2022\/11\/Marte_Hoy-768x1118.jpg 768w\" sizes=\"auto, (max-width: 773px) 100vw, 773px\" \/><\/a><figcaption class=\"wp-element-caption\">El dios de todos<\/figcaption><\/figure>\n\n\n\n<figure class=\"wp-block-image size-full\"><a href=\"https:\/\/delarte.es\/digitart\/wp-content\/uploads\/2022\/11\/Icewoman.jpg\"><img loading=\"lazy\" decoding=\"async\" width=\"683\" height=\"1024\" data-id=\"599\" src=\"https:\/\/delarte.es\/digitart\/wp-content\/uploads\/2022\/11\/Icewoman.jpg\" alt=\"Mujer hielo\" class=\"wp-image-599\" srcset=\"https:\/\/delarte.es\/digitart\/wp-content\/uploads\/2022\/11\/Icewoman.jpg 683w, https:\/\/delarte.es\/digitart\/wp-content\/uploads\/2022\/11\/Icewoman-400x600.jpg 400w\" sizes=\"auto, (max-width: 683px) 100vw, 683px\" \/><\/a><figcaption class=\"wp-element-caption\">Mujer hielo<\/figcaption><\/figure>\n\n\n\n<figure class=\"wp-block-image size-full\"><a href=\"https:\/\/delarte.es\/digitart\/wp-content\/uploads\/2022\/11\/bad-freud.jpg\"><img loading=\"lazy\" decoding=\"async\" width=\"1665\" height=\"1160\" data-id=\"598\" src=\"https:\/\/delarte.es\/digitart\/wp-content\/uploads\/2022\/11\/bad-freud.jpg\" alt=\"Chico malo\" class=\"wp-image-598\" srcset=\"https:\/\/delarte.es\/digitart\/wp-content\/uploads\/2022\/11\/bad-freud.jpg 1665w, https:\/\/delarte.es\/digitart\/wp-content\/uploads\/2022\/11\/bad-freud-600x418.jpg 600w, https:\/\/delarte.es\/digitart\/wp-content\/uploads\/2022\/11\/bad-freud-1550x1080.jpg 1550w, https:\/\/delarte.es\/digitart\/wp-content\/uploads\/2022\/11\/bad-freud-768x535.jpg 768w, https:\/\/delarte.es\/digitart\/wp-content\/uploads\/2022\/11\/bad-freud-1536x1070.jpg 1536w\" sizes=\"auto, (max-width: 1665px) 100vw, 1665px\" \/><\/a><figcaption class=\"wp-element-caption\">Chico malo<\/figcaption><\/figure>\n<\/figure>\n","protected":false},"excerpt":{"rendered":"<p>Collages gr\u00e1ficos utiliza im\u00e1genes de libre acceso y reproducciones de pinturas relevantes del Arte de todas las \u00e9pocas, ofreciendo una reinterpretaci\u00f3n cr\u00edtica, mordaz, social, o conceptual, adaptando el contenido a la \u00e9poca contempor\u00e1nea. La serie de inmigraci\u00f3n est\u00e1 realizada con miles de peque\u00f1as im\u00e1genes compuestas a modo de puzzle.<\/p>\n","protected":false},"author":1,"featured_media":0,"parent":0,"menu_order":0,"comment_status":"closed","ping_status":"closed","template":"","meta":{"_uag_custom_page_level_css":"","_kad_post_transparent":"","_kad_post_title":"","_kad_post_layout":"","_kad_post_sidebar_id":"","_kad_post_content_style":"","_kad_post_vertical_padding":"","_kad_post_feature":"","_kad_post_feature_position":"","_kad_post_header":false,"_kad_post_footer":false,"_kad_post_classname":"","footnotes":""},"class_list":["post-38","page","type-page","status-publish","hentry"],"uagb_featured_image_src":{"full":false,"thumbnail":false,"medium":false,"medium_large":false,"large":false,"1536x1536":false,"2048x2048":false},"uagb_author_info":{"display_name":"David-Deliel","author_link":"https:\/\/delarte.es\/digitart\/author\/admin\/"},"uagb_comment_info":0,"uagb_excerpt":"Collages gr\u00e1ficos utiliza im\u00e1genes de libre acceso y reproducciones de pinturas relevantes del Arte de todas las \u00e9pocas, ofreciendo una reinterpretaci\u00f3n cr\u00edtica, mordaz, social, o conceptual, adaptando el contenido a la \u00e9poca contempor\u00e1nea. La serie de inmigraci\u00f3n est\u00e1 realizada con miles de peque\u00f1as im\u00e1genes compuestas a modo de puzzle.","_links":{"self":[{"href":"https:\/\/delarte.es\/digitart\/wp-json\/wp\/v2\/pages\/38","targetHints":{"allow":["GET"]}}],"collection":[{"href":"https:\/\/delarte.es\/digitart\/wp-json\/wp\/v2\/pages"}],"about":[{"href":"https:\/\/delarte.es\/digitart\/wp-json\/wp\/v2\/types\/page"}],"author":[{"embeddable":true,"href":"https:\/\/delarte.es\/digitart\/wp-json\/wp\/v2\/users\/1"}],"replies":[{"embeddable":true,"href":"https:\/\/delarte.es\/digitart\/wp-json\/wp\/v2\/comments?post=38"}],"version-history":[{"count":117,"href":"https:\/\/delarte.es\/digitart\/wp-json\/wp\/v2\/pages\/38\/revisions"}],"predecessor-version":[{"id":3088,"href":"https:\/\/delarte.es\/digitart\/wp-json\/wp\/v2\/pages\/38\/revisions\/3088"}],"wp:attachment":[{"href":"https:\/\/delarte.es\/digitart\/wp-json\/wp\/v2\/media?parent=38"}],"curies":[{"name":"wp","href":"https:\/\/api.w.org\/{rel}","templated":true}]}}