{"id":2769,"date":"2023-07-26T13:08:38","date_gmt":"2023-07-26T11:08:38","guid":{"rendered":"https:\/\/delarte.es\/digitart\/?page_id=2769"},"modified":"2024-08-06T20:27:22","modified_gmt":"2024-08-06T18:27:22","slug":"refugio-marino","status":"publish","type":"page","link":"https:\/\/delarte.es\/digitart\/refugio-marino\/","title":{"rendered":"Refugios marinos"},"content":{"rendered":"\n<div class=\"wp-block-cover has-parallax\"><span aria-hidden=\"true\" class=\"wp-block-cover__background has-background-dim-20 has-background-dim\"><\/span><div class=\"wp-block-cover__image-background wp-image-3098 has-parallax\" style=\"background-position:50% 50%;background-image:url(https:\/\/delarte.es\/digitart\/wp-content\/uploads\/2024\/02\/Refugio-marino_21.jpg)\"><\/div><div class=\"wp-block-cover__inner-container is-layout-flow wp-block-cover-is-layout-flow\">\n<h2 class=\"wp-block-heading has-text-align-center\" style=\"font-size:56px\">Refugios marinos<\/h2>\n<\/div><\/div>\n\n\n\n<div class=\"wp-block-columns is-layout-flex wp-container-core-columns-is-layout-1 wp-block-columns-is-layout-flex\">\n<div class=\"wp-block-column is-layout-flow wp-block-column-is-layout-flow\" style=\"flex-basis:25%\"><\/div>\n\n\n\n<div class=\"wp-block-column is-layout-flow wp-block-column-is-layout-flow\" style=\"flex-basis:50%\">\n<p>Selecci\u00f3n de im\u00e1genes generadas partiendo de la idea de un refugio marino con toda clase de fauna y vegetaci\u00f3n acu\u00e1ticas marinas.<\/p>\n<\/div>\n\n\n\n<div class=\"wp-block-column is-layout-flow wp-block-column-is-layout-flow\" style=\"flex-basis:25%\">\n<div class=\"wp-block-buttons is-content-justification-right is-layout-flex wp-container-core-buttons-is-layout-1 wp-block-buttons-is-layout-flex\">\n<div class=\"wp-block-button\"><a class=\"wp-block-button__link wp-element-button\" href=\"https:\/\/delarte.es\/digitart\/ia\/\">Volver IA<\/a><\/div>\n<\/div>\n<\/div>\n<\/div>\n\n\n\n<figure class=\"wp-block-gallery has-nested-images columns-8 is-cropped wp-block-gallery-1 is-layout-flex wp-block-gallery-is-layout-flex\">\n<figure class=\"wp-block-image size-thumbnail\"><a href=\"https:\/\/delarte.es\/digitart\/wp-content\/uploads\/2023\/07\/Refugio-marino_00.jpg\"><img loading=\"lazy\" decoding=\"async\" width=\"300\" height=\"300\" data-id=\"2770\" src=\"https:\/\/delarte.es\/digitart\/wp-content\/uploads\/2023\/07\/Refugio-marino_00-300x300.jpg\" alt=\"Refugio marino\" class=\"wp-image-2770\"\/><\/a><\/figure>\n\n\n\n<figure class=\"wp-block-image size-thumbnail\"><a href=\"https:\/\/delarte.es\/digitart\/wp-content\/uploads\/2023\/07\/Refugio-marino_15.jpg\"><img loading=\"lazy\" decoding=\"async\" width=\"300\" height=\"300\" data-id=\"2785\" src=\"https:\/\/delarte.es\/digitart\/wp-content\/uploads\/2023\/07\/Refugio-marino_15-300x300.jpg\" alt=\"Refugio marino\" class=\"wp-image-2785\"\/><\/a><\/figure>\n\n\n\n<figure class=\"wp-block-image size-thumbnail\"><a href=\"https:\/\/delarte.es\/digitart\/wp-content\/uploads\/2023\/07\/Refugio-marino_14.jpg\"><img loading=\"lazy\" decoding=\"async\" width=\"300\" height=\"300\" data-id=\"2784\" src=\"https:\/\/delarte.es\/digitart\/wp-content\/uploads\/2023\/07\/Refugio-marino_14-300x300.jpg\" alt=\"Refugio marino\" class=\"wp-image-2784\"\/><\/a><\/figure>\n\n\n\n<figure class=\"wp-block-image size-thumbnail\"><a href=\"https:\/\/delarte.es\/digitart\/wp-content\/uploads\/2023\/07\/Refugio-marino_13.jpg\"><img loading=\"lazy\" decoding=\"async\" width=\"300\" height=\"300\" data-id=\"2783\" src=\"https:\/\/delarte.es\/digitart\/wp-content\/uploads\/2023\/07\/Refugio-marino_13-300x300.jpg\" alt=\"Refugio marino\" class=\"wp-image-2783\"\/><\/a><\/figure>\n\n\n\n<figure class=\"wp-block-image size-thumbnail\"><a href=\"https:\/\/delarte.es\/digitart\/wp-content\/uploads\/2023\/07\/Refugio-marino_12.jpg\"><img loading=\"lazy\" decoding=\"async\" width=\"300\" height=\"300\" data-id=\"2782\" src=\"https:\/\/delarte.es\/digitart\/wp-content\/uploads\/2023\/07\/Refugio-marino_12-300x300.jpg\" alt=\"Refugio marino\" class=\"wp-image-2782\"\/><\/a><\/figure>\n\n\n\n<figure class=\"wp-block-image size-thumbnail\"><a href=\"https:\/\/delarte.es\/digitart\/wp-content\/uploads\/2023\/07\/Refugio-marino_11.jpg\"><img loading=\"lazy\" decoding=\"async\" width=\"300\" height=\"300\" data-id=\"2781\" src=\"https:\/\/delarte.es\/digitart\/wp-content\/uploads\/2023\/07\/Refugio-marino_11-300x300.jpg\" alt=\"Refugio marino\" class=\"wp-image-2781\"\/><\/a><\/figure>\n\n\n\n<figure class=\"wp-block-image size-thumbnail\"><a href=\"https:\/\/delarte.es\/digitart\/wp-content\/uploads\/2023\/07\/Refugio-marino_10.jpg\"><img loading=\"lazy\" decoding=\"async\" width=\"300\" height=\"300\" data-id=\"2780\" src=\"https:\/\/delarte.es\/digitart\/wp-content\/uploads\/2023\/07\/Refugio-marino_10-300x300.jpg\" alt=\"Refugio marino\" class=\"wp-image-2780\"\/><\/a><\/figure>\n\n\n\n<figure class=\"wp-block-image size-thumbnail\"><a href=\"https:\/\/delarte.es\/digitart\/wp-content\/uploads\/2023\/07\/Refugio-marino_09.jpg\"><img loading=\"lazy\" decoding=\"async\" width=\"300\" height=\"300\" data-id=\"2779\" src=\"https:\/\/delarte.es\/digitart\/wp-content\/uploads\/2023\/07\/Refugio-marino_09-300x300.jpg\" alt=\"Refugio marino\" class=\"wp-image-2779\"\/><\/a><\/figure>\n\n\n\n<figure class=\"wp-block-image size-thumbnail\"><a href=\"https:\/\/delarte.es\/digitart\/wp-content\/uploads\/2023\/07\/Refugio-marino_08.jpg\"><img loading=\"lazy\" decoding=\"async\" width=\"300\" height=\"300\" data-id=\"2778\" src=\"https:\/\/delarte.es\/digitart\/wp-content\/uploads\/2023\/07\/Refugio-marino_08-300x300.jpg\" alt=\"Refugio marino\" class=\"wp-image-2778\"\/><\/a><\/figure>\n\n\n\n<figure class=\"wp-block-image size-thumbnail\"><a href=\"https:\/\/delarte.es\/digitart\/wp-content\/uploads\/2023\/07\/Refugio-marino_07.jpg\"><img loading=\"lazy\" decoding=\"async\" width=\"300\" height=\"300\" data-id=\"2777\" src=\"https:\/\/delarte.es\/digitart\/wp-content\/uploads\/2023\/07\/Refugio-marino_07-300x300.jpg\" alt=\"Refugio marino\" class=\"wp-image-2777\"\/><\/a><\/figure>\n\n\n\n<figure class=\"wp-block-image size-thumbnail\"><a href=\"https:\/\/delarte.es\/digitart\/wp-content\/uploads\/2023\/07\/Refugio-marino_06.jpg\"><img loading=\"lazy\" decoding=\"async\" width=\"300\" height=\"300\" data-id=\"2776\" src=\"https:\/\/delarte.es\/digitart\/wp-content\/uploads\/2023\/07\/Refugio-marino_06-300x300.jpg\" alt=\"Refugio marino\" class=\"wp-image-2776\"\/><\/a><\/figure>\n\n\n\n<figure class=\"wp-block-image size-thumbnail\"><a href=\"https:\/\/delarte.es\/digitart\/wp-content\/uploads\/2023\/07\/Refugio-marino_05.jpg\"><img loading=\"lazy\" decoding=\"async\" width=\"300\" height=\"300\" data-id=\"2775\" src=\"https:\/\/delarte.es\/digitart\/wp-content\/uploads\/2023\/07\/Refugio-marino_05-300x300.jpg\" alt=\"Refugio marino\" class=\"wp-image-2775\"\/><\/a><\/figure>\n\n\n\n<figure class=\"wp-block-image size-thumbnail\"><a href=\"https:\/\/delarte.es\/digitart\/wp-content\/uploads\/2023\/07\/Refugio-marino_04.jpg\"><img loading=\"lazy\" decoding=\"async\" width=\"300\" height=\"300\" data-id=\"2774\" src=\"https:\/\/delarte.es\/digitart\/wp-content\/uploads\/2023\/07\/Refugio-marino_04-300x300.jpg\" alt=\"Refugio marino\" class=\"wp-image-2774\"\/><\/a><\/figure>\n\n\n\n<figure class=\"wp-block-image size-thumbnail\"><a href=\"https:\/\/delarte.es\/digitart\/wp-content\/uploads\/2023\/07\/Refugio-marino_03.jpg\"><img loading=\"lazy\" decoding=\"async\" width=\"300\" height=\"300\" data-id=\"2773\" src=\"https:\/\/delarte.es\/digitart\/wp-content\/uploads\/2023\/07\/Refugio-marino_03-300x300.jpg\" alt=\"Refugio marino\" class=\"wp-image-2773\"\/><\/a><\/figure>\n\n\n\n<figure class=\"wp-block-image size-thumbnail\"><a href=\"https:\/\/delarte.es\/digitart\/wp-content\/uploads\/2024\/02\/Refugio-marino_29.jpg\"><img loading=\"lazy\" decoding=\"async\" width=\"300\" height=\"300\" data-id=\"3099\" src=\"https:\/\/delarte.es\/digitart\/wp-content\/uploads\/2024\/02\/Refugio-marino_29-300x300.jpg\" alt=\"\" class=\"wp-image-3099\"\/><\/a><\/figure>\n\n\n\n<figure class=\"wp-block-image size-thumbnail\"><a href=\"https:\/\/delarte.es\/digitart\/wp-content\/uploads\/2024\/02\/Refugio-marino_21.jpg\"><img loading=\"lazy\" decoding=\"async\" width=\"300\" height=\"300\" data-id=\"3098\" src=\"https:\/\/delarte.es\/digitart\/wp-content\/uploads\/2024\/02\/Refugio-marino_21-300x300.jpg\" alt=\"\" class=\"wp-image-3098\"\/><\/a><\/figure>\n<\/figure>\n","protected":false},"excerpt":{"rendered":"<p>Selecci\u00f3n de im\u00e1genes generadas partiendo de la idea de un refugio marino con toda clase de fauna y vegetaci\u00f3n acu\u00e1ticas marinas.<\/p>\n","protected":false},"author":1,"featured_media":0,"parent":0,"menu_order":0,"comment_status":"closed","ping_status":"closed","template":"","meta":{"_uag_custom_page_level_css":"","_kad_post_transparent":"","_kad_post_title":"","_kad_post_layout":"","_kad_post_sidebar_id":"","_kad_post_content_style":"","_kad_post_vertical_padding":"","_kad_post_feature":"","_kad_post_feature_position":"","_kad_post_header":false,"_kad_post_footer":false,"_kad_post_classname":"","footnotes":""},"class_list":["post-2769","page","type-page","status-publish","hentry"],"uagb_featured_image_src":{"full":false,"thumbnail":false,"medium":false,"medium_large":false,"large":false,"1536x1536":false,"2048x2048":false},"uagb_author_info":{"display_name":"David-Deliel","author_link":"https:\/\/delarte.es\/digitart\/author\/admin\/"},"uagb_comment_info":0,"uagb_excerpt":"Selecci\u00f3n de im\u00e1genes generadas partiendo de la idea de un refugio marino con toda clase de fauna y vegetaci\u00f3n acu\u00e1ticas marinas.","_links":{"self":[{"href":"https:\/\/delarte.es\/digitart\/wp-json\/wp\/v2\/pages\/2769","targetHints":{"allow":["GET"]}}],"collection":[{"href":"https:\/\/delarte.es\/digitart\/wp-json\/wp\/v2\/pages"}],"about":[{"href":"https:\/\/delarte.es\/digitart\/wp-json\/wp\/v2\/types\/page"}],"author":[{"embeddable":true,"href":"https:\/\/delarte.es\/digitart\/wp-json\/wp\/v2\/users\/1"}],"replies":[{"embeddable":true,"href":"https:\/\/delarte.es\/digitart\/wp-json\/wp\/v2\/comments?post=2769"}],"version-history":[{"count":8,"href":"https:\/\/delarte.es\/digitart\/wp-json\/wp\/v2\/pages\/2769\/revisions"}],"predecessor-version":[{"id":3362,"href":"https:\/\/delarte.es\/digitart\/wp-json\/wp\/v2\/pages\/2769\/revisions\/3362"}],"wp:attachment":[{"href":"https:\/\/delarte.es\/digitart\/wp-json\/wp\/v2\/media?parent=2769"}],"curies":[{"name":"wp","href":"https:\/\/api.w.org\/{rel}","templated":true}]}}