{"id":2692,"date":"2023-04-29T13:37:55","date_gmt":"2023-04-29T11:37:55","guid":{"rendered":"https:\/\/delarte.es\/digitart\/?page_id=2692"},"modified":"2024-08-06T20:22:44","modified_gmt":"2024-08-06T18:22:44","slug":"hombre-pajaro","status":"publish","type":"page","link":"https:\/\/delarte.es\/digitart\/hombre-pajaro\/","title":{"rendered":"Hombre p\u00e1jaro"},"content":{"rendered":"\n<div class=\"wp-block-cover has-parallax\"><span aria-hidden=\"true\" class=\"wp-block-cover__background has-background-dim-30 has-background-dim\"><\/span><div class=\"wp-block-cover__image-background wp-image-2666 has-parallax\" style=\"background-position:50% 50%;background-image:url(https:\/\/delarte.es\/digitart\/wp-content\/uploads\/2023\/04\/h_pajaro_11.png)\"><\/div><div class=\"wp-block-cover__inner-container is-layout-flow wp-block-cover-is-layout-flow\">\n<p class=\"has-text-align-center has-theme-palette-9-color has-text-color\" style=\"font-size:44px\">Hombre-p\u00e1jaro<\/p>\n<\/div><\/div>\n\n\n\n<div class=\"wp-block-columns is-layout-flex wp-container-core-columns-is-layout-1 wp-block-columns-is-layout-flex\">\n<div class=\"wp-block-column is-layout-flow wp-block-column-is-layout-flow\" style=\"flex-basis:25%\"><\/div>\n\n\n\n<div class=\"wp-block-column is-layout-flow wp-block-column-is-layout-flow\" style=\"flex-basis:50%\">\n<p>Ideaci\u00f3n y recreaci\u00f3n del legado ancestral de una raza desaparecida, relacionada con las aves por sus capacidades de vuelo, su etereidad y ligereza, transmutada en una apariencia m\u00e1s s\u00f3lida y mat\u00e9rica, una simbiosis con p\u00e9rdida de sus primordiales capacidades, de su privilegiado estado. Convertida en otra raza muy diferente de aquella.<\/p>\n<\/div>\n\n\n\n<div class=\"wp-block-column is-layout-flow wp-block-column-is-layout-flow\" style=\"flex-basis:25%\">\n<div class=\"wp-block-buttons is-content-justification-right is-layout-flex wp-container-core-buttons-is-layout-1 wp-block-buttons-is-layout-flex\">\n<div class=\"wp-block-button\"><a class=\"wp-block-button__link wp-element-button\" href=\"https:\/\/delarte.es\/digitart\/ia\/\">Volver IA<\/a><\/div>\n<\/div>\n<\/div>\n<\/div>\n\n\n\n<figure class=\"wp-block-gallery has-nested-images columns-7 is-cropped wp-block-gallery-1 is-layout-flex wp-block-gallery-is-layout-flex\">\n<figure class=\"wp-block-image size-large\"><a href=\"https:\/\/delarte.es\/digitart\/wp-content\/uploads\/2023\/04\/h_pajaro_35.png\"><img loading=\"lazy\" decoding=\"async\" width=\"576\" height=\"768\" data-id=\"2690\" src=\"https:\/\/delarte.es\/digitart\/wp-content\/uploads\/2023\/04\/h_pajaro_35.png\" alt=\"Hombre p\u00e1jaro, generado con IA\" class=\"wp-image-2690\" srcset=\"https:\/\/delarte.es\/digitart\/wp-content\/uploads\/2023\/04\/h_pajaro_35.png 576w, https:\/\/delarte.es\/digitart\/wp-content\/uploads\/2023\/04\/h_pajaro_35-450x600.png 450w\" sizes=\"auto, (max-width: 576px) 100vw, 576px\" \/><\/a><\/figure>\n\n\n\n<figure class=\"wp-block-image size-large\"><a href=\"https:\/\/delarte.es\/digitart\/wp-content\/uploads\/2023\/04\/h_pajaro_34.png\"><img loading=\"lazy\" decoding=\"async\" width=\"576\" height=\"768\" data-id=\"2689\" src=\"https:\/\/delarte.es\/digitart\/wp-content\/uploads\/2023\/04\/h_pajaro_34.png\" alt=\"Hombre p\u00e1jaro, generado con IA\" class=\"wp-image-2689\" srcset=\"https:\/\/delarte.es\/digitart\/wp-content\/uploads\/2023\/04\/h_pajaro_34.png 576w, https:\/\/delarte.es\/digitart\/wp-content\/uploads\/2023\/04\/h_pajaro_34-450x600.png 450w\" sizes=\"auto, (max-width: 576px) 100vw, 576px\" \/><\/a><\/figure>\n\n\n\n<figure class=\"wp-block-image size-large\"><a href=\"https:\/\/delarte.es\/digitart\/wp-content\/uploads\/2023\/04\/h_pajaro_33.png\"><img loading=\"lazy\" decoding=\"async\" width=\"576\" height=\"768\" data-id=\"2688\" src=\"https:\/\/delarte.es\/digitart\/wp-content\/uploads\/2023\/04\/h_pajaro_33.png\" alt=\"Hombre p\u00e1jaro, generado con IA\" class=\"wp-image-2688\" srcset=\"https:\/\/delarte.es\/digitart\/wp-content\/uploads\/2023\/04\/h_pajaro_33.png 576w, https:\/\/delarte.es\/digitart\/wp-content\/uploads\/2023\/04\/h_pajaro_33-450x600.png 450w\" sizes=\"auto, (max-width: 576px) 100vw, 576px\" \/><\/a><\/figure>\n\n\n\n<figure class=\"wp-block-image size-large\"><a href=\"https:\/\/delarte.es\/digitart\/wp-content\/uploads\/2023\/04\/h_pajaro_32.png\"><img loading=\"lazy\" decoding=\"async\" width=\"576\" height=\"768\" data-id=\"2687\" src=\"https:\/\/delarte.es\/digitart\/wp-content\/uploads\/2023\/04\/h_pajaro_32.png\" alt=\"Hombre p\u00e1jaro, generado con IA\" class=\"wp-image-2687\" srcset=\"https:\/\/delarte.es\/digitart\/wp-content\/uploads\/2023\/04\/h_pajaro_32.png 576w, https:\/\/delarte.es\/digitart\/wp-content\/uploads\/2023\/04\/h_pajaro_32-450x600.png 450w\" sizes=\"auto, (max-width: 576px) 100vw, 576px\" \/><\/a><\/figure>\n\n\n\n<figure class=\"wp-block-image size-large\"><a href=\"https:\/\/delarte.es\/digitart\/wp-content\/uploads\/2023\/04\/h_pajaro_31.png\"><img loading=\"lazy\" decoding=\"async\" width=\"576\" height=\"768\" data-id=\"2686\" src=\"https:\/\/delarte.es\/digitart\/wp-content\/uploads\/2023\/04\/h_pajaro_31.png\" alt=\"Hombre p\u00e1jaro, generado con IA\" class=\"wp-image-2686\" srcset=\"https:\/\/delarte.es\/digitart\/wp-content\/uploads\/2023\/04\/h_pajaro_31.png 576w, https:\/\/delarte.es\/digitart\/wp-content\/uploads\/2023\/04\/h_pajaro_31-450x600.png 450w\" sizes=\"auto, (max-width: 576px) 100vw, 576px\" \/><\/a><\/figure>\n\n\n\n<figure class=\"wp-block-image size-large\"><a href=\"https:\/\/delarte.es\/digitart\/wp-content\/uploads\/2023\/04\/h_pajaro_30.png\"><img loading=\"lazy\" decoding=\"async\" width=\"576\" height=\"768\" data-id=\"2685\" src=\"https:\/\/delarte.es\/digitart\/wp-content\/uploads\/2023\/04\/h_pajaro_30.png\" alt=\"Hombre p\u00e1jaro, generado con IA\" class=\"wp-image-2685\" srcset=\"https:\/\/delarte.es\/digitart\/wp-content\/uploads\/2023\/04\/h_pajaro_30.png 576w, https:\/\/delarte.es\/digitart\/wp-content\/uploads\/2023\/04\/h_pajaro_30-450x600.png 450w\" sizes=\"auto, (max-width: 576px) 100vw, 576px\" \/><\/a><\/figure>\n\n\n\n<figure class=\"wp-block-image size-large\"><a href=\"https:\/\/delarte.es\/digitart\/wp-content\/uploads\/2023\/04\/h_pajaro_29.png\"><img loading=\"lazy\" decoding=\"async\" width=\"576\" height=\"768\" data-id=\"2684\" src=\"https:\/\/delarte.es\/digitart\/wp-content\/uploads\/2023\/04\/h_pajaro_29.png\" alt=\"Hombre p\u00e1jaro, generado con IA\" class=\"wp-image-2684\" srcset=\"https:\/\/delarte.es\/digitart\/wp-content\/uploads\/2023\/04\/h_pajaro_29.png 576w, https:\/\/delarte.es\/digitart\/wp-content\/uploads\/2023\/04\/h_pajaro_29-450x600.png 450w\" sizes=\"auto, (max-width: 576px) 100vw, 576px\" \/><\/a><\/figure>\n\n\n\n<figure class=\"wp-block-image size-large\"><a href=\"https:\/\/delarte.es\/digitart\/wp-content\/uploads\/2023\/04\/h_pajaro_28.png\"><img loading=\"lazy\" decoding=\"async\" width=\"576\" height=\"768\" data-id=\"2683\" src=\"https:\/\/delarte.es\/digitart\/wp-content\/uploads\/2023\/04\/h_pajaro_28.png\" alt=\"Hombre p\u00e1jaro, generado con IA\" class=\"wp-image-2683\" srcset=\"https:\/\/delarte.es\/digitart\/wp-content\/uploads\/2023\/04\/h_pajaro_28.png 576w, https:\/\/delarte.es\/digitart\/wp-content\/uploads\/2023\/04\/h_pajaro_28-450x600.png 450w\" sizes=\"auto, (max-width: 576px) 100vw, 576px\" \/><\/a><\/figure>\n\n\n\n<figure class=\"wp-block-image size-large\"><a href=\"https:\/\/delarte.es\/digitart\/wp-content\/uploads\/2023\/04\/h_pajaro_27.png\"><img loading=\"lazy\" decoding=\"async\" width=\"576\" height=\"768\" data-id=\"2682\" src=\"https:\/\/delarte.es\/digitart\/wp-content\/uploads\/2023\/04\/h_pajaro_27.png\" alt=\"Hombre p\u00e1jaro, generado con IA\" class=\"wp-image-2682\" srcset=\"https:\/\/delarte.es\/digitart\/wp-content\/uploads\/2023\/04\/h_pajaro_27.png 576w, https:\/\/delarte.es\/digitart\/wp-content\/uploads\/2023\/04\/h_pajaro_27-450x600.png 450w\" sizes=\"auto, (max-width: 576px) 100vw, 576px\" \/><\/a><\/figure>\n\n\n\n<figure class=\"wp-block-image size-large\"><a href=\"https:\/\/delarte.es\/digitart\/wp-content\/uploads\/2023\/04\/h_pajaro_26.png\"><img loading=\"lazy\" decoding=\"async\" width=\"576\" height=\"768\" data-id=\"2681\" src=\"https:\/\/delarte.es\/digitart\/wp-content\/uploads\/2023\/04\/h_pajaro_26.png\" alt=\"Hombre p\u00e1jaro, generado con IA\" class=\"wp-image-2681\" srcset=\"https:\/\/delarte.es\/digitart\/wp-content\/uploads\/2023\/04\/h_pajaro_26.png 576w, https:\/\/delarte.es\/digitart\/wp-content\/uploads\/2023\/04\/h_pajaro_26-450x600.png 450w\" sizes=\"auto, (max-width: 576px) 100vw, 576px\" \/><\/a><\/figure>\n\n\n\n<figure class=\"wp-block-image size-large\"><a href=\"https:\/\/delarte.es\/digitart\/wp-content\/uploads\/2023\/04\/h_pajaro_25.png\"><img loading=\"lazy\" decoding=\"async\" width=\"576\" height=\"768\" data-id=\"2680\" src=\"https:\/\/delarte.es\/digitart\/wp-content\/uploads\/2023\/04\/h_pajaro_25.png\" alt=\"Hombre p\u00e1jaro, generado con IA\" class=\"wp-image-2680\" srcset=\"https:\/\/delarte.es\/digitart\/wp-content\/uploads\/2023\/04\/h_pajaro_25.png 576w, https:\/\/delarte.es\/digitart\/wp-content\/uploads\/2023\/04\/h_pajaro_25-450x600.png 450w\" sizes=\"auto, (max-width: 576px) 100vw, 576px\" \/><\/a><\/figure>\n\n\n\n<figure class=\"wp-block-image size-large\"><a href=\"https:\/\/delarte.es\/digitart\/wp-content\/uploads\/2023\/04\/h_pajaro_24.png\"><img loading=\"lazy\" decoding=\"async\" width=\"576\" height=\"768\" data-id=\"2679\" src=\"https:\/\/delarte.es\/digitart\/wp-content\/uploads\/2023\/04\/h_pajaro_24.png\" alt=\"Hombre p\u00e1jaro, generado con IA\" class=\"wp-image-2679\" srcset=\"https:\/\/delarte.es\/digitart\/wp-content\/uploads\/2023\/04\/h_pajaro_24.png 576w, https:\/\/delarte.es\/digitart\/wp-content\/uploads\/2023\/04\/h_pajaro_24-450x600.png 450w\" sizes=\"auto, (max-width: 576px) 100vw, 576px\" \/><\/a><\/figure>\n\n\n\n<figure class=\"wp-block-image size-large\"><a href=\"https:\/\/delarte.es\/digitart\/wp-content\/uploads\/2023\/04\/h_pajaro_23.png\"><img loading=\"lazy\" decoding=\"async\" width=\"576\" height=\"768\" data-id=\"2678\" src=\"https:\/\/delarte.es\/digitart\/wp-content\/uploads\/2023\/04\/h_pajaro_23.png\" alt=\"Hombre p\u00e1jaro, generado con IA\" class=\"wp-image-2678\" srcset=\"https:\/\/delarte.es\/digitart\/wp-content\/uploads\/2023\/04\/h_pajaro_23.png 576w, https:\/\/delarte.es\/digitart\/wp-content\/uploads\/2023\/04\/h_pajaro_23-450x600.png 450w\" sizes=\"auto, (max-width: 576px) 100vw, 576px\" \/><\/a><\/figure>\n\n\n\n<figure class=\"wp-block-image size-large\"><a href=\"https:\/\/delarte.es\/digitart\/wp-content\/uploads\/2023\/04\/h_pajaro_22.png\"><img loading=\"lazy\" decoding=\"async\" width=\"576\" height=\"768\" data-id=\"2677\" src=\"https:\/\/delarte.es\/digitart\/wp-content\/uploads\/2023\/04\/h_pajaro_22.png\" alt=\"Hombre p\u00e1jaro, generado con IA\" class=\"wp-image-2677\" srcset=\"https:\/\/delarte.es\/digitart\/wp-content\/uploads\/2023\/04\/h_pajaro_22.png 576w, https:\/\/delarte.es\/digitart\/wp-content\/uploads\/2023\/04\/h_pajaro_22-450x600.png 450w\" sizes=\"auto, (max-width: 576px) 100vw, 576px\" \/><\/a><\/figure>\n\n\n\n<figure class=\"wp-block-image size-large\"><a href=\"https:\/\/delarte.es\/digitart\/wp-content\/uploads\/2023\/04\/h_pajaro_21.png\"><img loading=\"lazy\" decoding=\"async\" width=\"576\" height=\"768\" data-id=\"2676\" src=\"https:\/\/delarte.es\/digitart\/wp-content\/uploads\/2023\/04\/h_pajaro_21.png\" alt=\"Hombre p\u00e1jaro, generado con IA\" class=\"wp-image-2676\" srcset=\"https:\/\/delarte.es\/digitart\/wp-content\/uploads\/2023\/04\/h_pajaro_21.png 576w, https:\/\/delarte.es\/digitart\/wp-content\/uploads\/2023\/04\/h_pajaro_21-450x600.png 450w\" sizes=\"auto, (max-width: 576px) 100vw, 576px\" \/><\/a><\/figure>\n\n\n\n<figure class=\"wp-block-image size-large\"><a href=\"https:\/\/delarte.es\/digitart\/wp-content\/uploads\/2023\/04\/h_pajaro_20.png\"><img loading=\"lazy\" decoding=\"async\" width=\"576\" height=\"768\" data-id=\"2675\" src=\"https:\/\/delarte.es\/digitart\/wp-content\/uploads\/2023\/04\/h_pajaro_20.png\" alt=\"Hombre p\u00e1jaro, generado con IA\" class=\"wp-image-2675\" srcset=\"https:\/\/delarte.es\/digitart\/wp-content\/uploads\/2023\/04\/h_pajaro_20.png 576w, https:\/\/delarte.es\/digitart\/wp-content\/uploads\/2023\/04\/h_pajaro_20-450x600.png 450w\" sizes=\"auto, (max-width: 576px) 100vw, 576px\" \/><\/a><\/figure>\n\n\n\n<figure class=\"wp-block-image size-large\"><a href=\"https:\/\/delarte.es\/digitart\/wp-content\/uploads\/2023\/04\/h_pajaro_19.png\"><img loading=\"lazy\" decoding=\"async\" width=\"576\" height=\"768\" data-id=\"2674\" src=\"https:\/\/delarte.es\/digitart\/wp-content\/uploads\/2023\/04\/h_pajaro_19.png\" alt=\"Hombre p\u00e1jaro, generado con IA\" class=\"wp-image-2674\" srcset=\"https:\/\/delarte.es\/digitart\/wp-content\/uploads\/2023\/04\/h_pajaro_19.png 576w, https:\/\/delarte.es\/digitart\/wp-content\/uploads\/2023\/04\/h_pajaro_19-450x600.png 450w\" sizes=\"auto, (max-width: 576px) 100vw, 576px\" \/><\/a><\/figure>\n\n\n\n<figure class=\"wp-block-image size-large\"><a href=\"https:\/\/delarte.es\/digitart\/wp-content\/uploads\/2023\/04\/h_pajaro_18.png\"><img loading=\"lazy\" decoding=\"async\" width=\"576\" height=\"768\" data-id=\"2673\" src=\"https:\/\/delarte.es\/digitart\/wp-content\/uploads\/2023\/04\/h_pajaro_18.png\" alt=\"Hombre p\u00e1jaro, generado con IA\" class=\"wp-image-2673\" srcset=\"https:\/\/delarte.es\/digitart\/wp-content\/uploads\/2023\/04\/h_pajaro_18.png 576w, https:\/\/delarte.es\/digitart\/wp-content\/uploads\/2023\/04\/h_pajaro_18-450x600.png 450w\" sizes=\"auto, (max-width: 576px) 100vw, 576px\" \/><\/a><\/figure>\n\n\n\n<figure class=\"wp-block-image size-large\"><a href=\"https:\/\/delarte.es\/digitart\/wp-content\/uploads\/2023\/04\/h_pajaro_17.png\"><img loading=\"lazy\" decoding=\"async\" width=\"576\" height=\"768\" data-id=\"2672\" src=\"https:\/\/delarte.es\/digitart\/wp-content\/uploads\/2023\/04\/h_pajaro_17.png\" alt=\"Hombre p\u00e1jaro, generado con IA\" class=\"wp-image-2672\" srcset=\"https:\/\/delarte.es\/digitart\/wp-content\/uploads\/2023\/04\/h_pajaro_17.png 576w, https:\/\/delarte.es\/digitart\/wp-content\/uploads\/2023\/04\/h_pajaro_17-450x600.png 450w\" sizes=\"auto, (max-width: 576px) 100vw, 576px\" \/><\/a><\/figure>\n\n\n\n<figure class=\"wp-block-image size-large\"><a href=\"https:\/\/delarte.es\/digitart\/wp-content\/uploads\/2023\/04\/h_pajaro_16.png\"><img loading=\"lazy\" decoding=\"async\" width=\"576\" height=\"768\" data-id=\"2671\" src=\"https:\/\/delarte.es\/digitart\/wp-content\/uploads\/2023\/04\/h_pajaro_16.png\" alt=\"Hombre p\u00e1jaro, generado con IA\" class=\"wp-image-2671\" srcset=\"https:\/\/delarte.es\/digitart\/wp-content\/uploads\/2023\/04\/h_pajaro_16.png 576w, https:\/\/delarte.es\/digitart\/wp-content\/uploads\/2023\/04\/h_pajaro_16-450x600.png 450w\" sizes=\"auto, (max-width: 576px) 100vw, 576px\" \/><\/a><\/figure>\n\n\n\n<figure class=\"wp-block-image size-large\"><a href=\"https:\/\/delarte.es\/digitart\/wp-content\/uploads\/2023\/04\/h_pajaro_15.png\"><img loading=\"lazy\" decoding=\"async\" width=\"576\" height=\"768\" data-id=\"2670\" src=\"https:\/\/delarte.es\/digitart\/wp-content\/uploads\/2023\/04\/h_pajaro_15.png\" alt=\"Hombre p\u00e1jaro, generado con IA\" class=\"wp-image-2670\" srcset=\"https:\/\/delarte.es\/digitart\/wp-content\/uploads\/2023\/04\/h_pajaro_15.png 576w, https:\/\/delarte.es\/digitart\/wp-content\/uploads\/2023\/04\/h_pajaro_15-450x600.png 450w\" sizes=\"auto, (max-width: 576px) 100vw, 576px\" \/><\/a><\/figure>\n\n\n\n<figure class=\"wp-block-image size-large\"><a href=\"https:\/\/delarte.es\/digitart\/wp-content\/uploads\/2023\/04\/h_pajaro_14.png\"><img loading=\"lazy\" decoding=\"async\" width=\"576\" height=\"768\" data-id=\"2669\" src=\"https:\/\/delarte.es\/digitart\/wp-content\/uploads\/2023\/04\/h_pajaro_14.png\" alt=\"Hombre p\u00e1jaro, generado con IA\" class=\"wp-image-2669\" srcset=\"https:\/\/delarte.es\/digitart\/wp-content\/uploads\/2023\/04\/h_pajaro_14.png 576w, https:\/\/delarte.es\/digitart\/wp-content\/uploads\/2023\/04\/h_pajaro_14-450x600.png 450w\" sizes=\"auto, (max-width: 576px) 100vw, 576px\" \/><\/a><\/figure>\n\n\n\n<figure class=\"wp-block-image size-large\"><a href=\"https:\/\/delarte.es\/digitart\/wp-content\/uploads\/2023\/04\/h_pajaro_13.png\"><img loading=\"lazy\" decoding=\"async\" width=\"576\" height=\"768\" data-id=\"2668\" src=\"https:\/\/delarte.es\/digitart\/wp-content\/uploads\/2023\/04\/h_pajaro_13.png\" alt=\"Hombre p\u00e1jaro, generado con IA\" class=\"wp-image-2668\" srcset=\"https:\/\/delarte.es\/digitart\/wp-content\/uploads\/2023\/04\/h_pajaro_13.png 576w, https:\/\/delarte.es\/digitart\/wp-content\/uploads\/2023\/04\/h_pajaro_13-450x600.png 450w\" sizes=\"auto, (max-width: 576px) 100vw, 576px\" \/><\/a><\/figure>\n\n\n\n<figure class=\"wp-block-image size-large\"><a href=\"https:\/\/delarte.es\/digitart\/wp-content\/uploads\/2023\/04\/h_pajaro_12.png\"><img loading=\"lazy\" decoding=\"async\" width=\"576\" height=\"768\" data-id=\"2667\" src=\"https:\/\/delarte.es\/digitart\/wp-content\/uploads\/2023\/04\/h_pajaro_12.png\" alt=\"Hombre p\u00e1jaro, generado con IA\" class=\"wp-image-2667\" srcset=\"https:\/\/delarte.es\/digitart\/wp-content\/uploads\/2023\/04\/h_pajaro_12.png 576w, https:\/\/delarte.es\/digitart\/wp-content\/uploads\/2023\/04\/h_pajaro_12-450x600.png 450w\" sizes=\"auto, (max-width: 576px) 100vw, 576px\" \/><\/a><\/figure>\n\n\n\n<figure class=\"wp-block-image size-large\"><a href=\"https:\/\/delarte.es\/digitart\/wp-content\/uploads\/2023\/04\/h_pajaro_11.png\"><img loading=\"lazy\" decoding=\"async\" width=\"576\" height=\"768\" data-id=\"2666\" src=\"https:\/\/delarte.es\/digitart\/wp-content\/uploads\/2023\/04\/h_pajaro_11.png\" alt=\"Hombre p\u00e1jaro, generado con IA\" class=\"wp-image-2666\" srcset=\"https:\/\/delarte.es\/digitart\/wp-content\/uploads\/2023\/04\/h_pajaro_11.png 576w, https:\/\/delarte.es\/digitart\/wp-content\/uploads\/2023\/04\/h_pajaro_11-450x600.png 450w\" sizes=\"auto, (max-width: 576px) 100vw, 576px\" \/><\/a><\/figure>\n\n\n\n<figure class=\"wp-block-image size-large\"><a href=\"https:\/\/delarte.es\/digitart\/wp-content\/uploads\/2023\/04\/h_pajaro_10.png\"><img loading=\"lazy\" decoding=\"async\" width=\"576\" height=\"768\" data-id=\"2665\" src=\"https:\/\/delarte.es\/digitart\/wp-content\/uploads\/2023\/04\/h_pajaro_10.png\" alt=\"Hombre p\u00e1jaro, generado con IA\" class=\"wp-image-2665\" srcset=\"https:\/\/delarte.es\/digitart\/wp-content\/uploads\/2023\/04\/h_pajaro_10.png 576w, https:\/\/delarte.es\/digitart\/wp-content\/uploads\/2023\/04\/h_pajaro_10-450x600.png 450w\" sizes=\"auto, (max-width: 576px) 100vw, 576px\" \/><\/a><\/figure>\n\n\n\n<figure class=\"wp-block-image size-large\"><a href=\"https:\/\/delarte.es\/digitart\/wp-content\/uploads\/2023\/04\/h_pajaro_08.png\"><img loading=\"lazy\" decoding=\"async\" width=\"576\" height=\"768\" data-id=\"2663\" src=\"https:\/\/delarte.es\/digitart\/wp-content\/uploads\/2023\/04\/h_pajaro_08.png\" alt=\"Hombre p\u00e1jaro, generado con IA\" class=\"wp-image-2663\" srcset=\"https:\/\/delarte.es\/digitart\/wp-content\/uploads\/2023\/04\/h_pajaro_08.png 576w, https:\/\/delarte.es\/digitart\/wp-content\/uploads\/2023\/04\/h_pajaro_08-450x600.png 450w\" sizes=\"auto, (max-width: 576px) 100vw, 576px\" \/><\/a><\/figure>\n\n\n\n<figure class=\"wp-block-image size-large\"><a href=\"https:\/\/delarte.es\/digitart\/wp-content\/uploads\/2023\/04\/h_pajaro_07.png\"><img loading=\"lazy\" decoding=\"async\" width=\"576\" height=\"768\" data-id=\"2662\" src=\"https:\/\/delarte.es\/digitart\/wp-content\/uploads\/2023\/04\/h_pajaro_07.png\" alt=\"Hombre p\u00e1jaro, generado con IA\" class=\"wp-image-2662\" srcset=\"https:\/\/delarte.es\/digitart\/wp-content\/uploads\/2023\/04\/h_pajaro_07.png 576w, https:\/\/delarte.es\/digitart\/wp-content\/uploads\/2023\/04\/h_pajaro_07-450x600.png 450w\" sizes=\"auto, (max-width: 576px) 100vw, 576px\" \/><\/a><\/figure>\n\n\n\n<figure class=\"wp-block-image size-large\"><a href=\"https:\/\/delarte.es\/digitart\/wp-content\/uploads\/2023\/04\/h_pajaro_06.png\"><img loading=\"lazy\" decoding=\"async\" width=\"576\" height=\"768\" data-id=\"2661\" src=\"https:\/\/delarte.es\/digitart\/wp-content\/uploads\/2023\/04\/h_pajaro_06.png\" alt=\"Hombre p\u00e1jaro, generado con IA\" class=\"wp-image-2661\" srcset=\"https:\/\/delarte.es\/digitart\/wp-content\/uploads\/2023\/04\/h_pajaro_06.png 576w, https:\/\/delarte.es\/digitart\/wp-content\/uploads\/2023\/04\/h_pajaro_06-450x600.png 450w\" sizes=\"auto, (max-width: 576px) 100vw, 576px\" \/><\/a><\/figure>\n\n\n\n<figure class=\"wp-block-image size-large\"><a href=\"https:\/\/delarte.es\/digitart\/wp-content\/uploads\/2023\/04\/h_pajaro_05.png\"><img loading=\"lazy\" decoding=\"async\" width=\"576\" height=\"768\" data-id=\"2660\" src=\"https:\/\/delarte.es\/digitart\/wp-content\/uploads\/2023\/04\/h_pajaro_05.png\" alt=\"Hombre p\u00e1jaro, generado con IA\" class=\"wp-image-2660\" srcset=\"https:\/\/delarte.es\/digitart\/wp-content\/uploads\/2023\/04\/h_pajaro_05.png 576w, https:\/\/delarte.es\/digitart\/wp-content\/uploads\/2023\/04\/h_pajaro_05-450x600.png 450w\" sizes=\"auto, (max-width: 576px) 100vw, 576px\" \/><\/a><\/figure>\n\n\n\n<figure class=\"wp-block-image size-large\"><a href=\"https:\/\/delarte.es\/digitart\/wp-content\/uploads\/2023\/04\/h_pajaro_04.png\"><img loading=\"lazy\" decoding=\"async\" width=\"512\" height=\"704\" data-id=\"2659\" src=\"https:\/\/delarte.es\/digitart\/wp-content\/uploads\/2023\/04\/h_pajaro_04.png\" alt=\"Hombre p\u00e1jaro, generado con IA\" class=\"wp-image-2659\" srcset=\"https:\/\/delarte.es\/digitart\/wp-content\/uploads\/2023\/04\/h_pajaro_04.png 512w, https:\/\/delarte.es\/digitart\/wp-content\/uploads\/2023\/04\/h_pajaro_04-436x600.png 436w\" sizes=\"auto, (max-width: 512px) 100vw, 512px\" \/><\/a><\/figure>\n\n\n\n<figure class=\"wp-block-image size-large\"><a href=\"https:\/\/delarte.es\/digitart\/wp-content\/uploads\/2023\/04\/h_pajaro_03.png\"><img loading=\"lazy\" decoding=\"async\" width=\"512\" height=\"704\" data-id=\"2658\" src=\"https:\/\/delarte.es\/digitart\/wp-content\/uploads\/2023\/04\/h_pajaro_03.png\" alt=\"Hombre p\u00e1jaro, generado con IA\" class=\"wp-image-2658\" srcset=\"https:\/\/delarte.es\/digitart\/wp-content\/uploads\/2023\/04\/h_pajaro_03.png 512w, https:\/\/delarte.es\/digitart\/wp-content\/uploads\/2023\/04\/h_pajaro_03-436x600.png 436w\" sizes=\"auto, (max-width: 512px) 100vw, 512px\" \/><\/a><\/figure>\n\n\n\n<figure class=\"wp-block-image size-large\"><a href=\"https:\/\/delarte.es\/digitart\/wp-content\/uploads\/2023\/04\/h_pajaro_02.png\"><img loading=\"lazy\" decoding=\"async\" width=\"512\" height=\"704\" data-id=\"2657\" src=\"https:\/\/delarte.es\/digitart\/wp-content\/uploads\/2023\/04\/h_pajaro_02.png\" alt=\"Hombre p\u00e1jaro, generado con IA\" class=\"wp-image-2657\" srcset=\"https:\/\/delarte.es\/digitart\/wp-content\/uploads\/2023\/04\/h_pajaro_02.png 512w, https:\/\/delarte.es\/digitart\/wp-content\/uploads\/2023\/04\/h_pajaro_02-436x600.png 436w\" sizes=\"auto, (max-width: 512px) 100vw, 512px\" \/><\/a><\/figure>\n\n\n\n<figure class=\"wp-block-image size-large\"><a href=\"https:\/\/delarte.es\/digitart\/wp-content\/uploads\/2023\/04\/h_pajaro_01.png\"><img loading=\"lazy\" decoding=\"async\" width=\"512\" height=\"704\" data-id=\"2656\" src=\"https:\/\/delarte.es\/digitart\/wp-content\/uploads\/2023\/04\/h_pajaro_01.png\" alt=\"Hombre p\u00e1jaro, generado con IA\" class=\"wp-image-2656\" srcset=\"https:\/\/delarte.es\/digitart\/wp-content\/uploads\/2023\/04\/h_pajaro_01.png 512w, https:\/\/delarte.es\/digitart\/wp-content\/uploads\/2023\/04\/h_pajaro_01-436x600.png 436w\" sizes=\"auto, (max-width: 512px) 100vw, 512px\" \/><\/a><\/figure>\n\n\n\n<figure class=\"wp-block-image size-large\"><a href=\"https:\/\/delarte.es\/digitart\/wp-content\/uploads\/2023\/04\/h_pajaro_00.png\"><img loading=\"lazy\" decoding=\"async\" width=\"512\" height=\"704\" data-id=\"2655\" src=\"https:\/\/delarte.es\/digitart\/wp-content\/uploads\/2023\/04\/h_pajaro_00.png\" alt=\"Hombre p\u00e1jaro, generado con IA\" class=\"wp-image-2655\" srcset=\"https:\/\/delarte.es\/digitart\/wp-content\/uploads\/2023\/04\/h_pajaro_00.png 512w, https:\/\/delarte.es\/digitart\/wp-content\/uploads\/2023\/04\/h_pajaro_00-436x600.png 436w\" sizes=\"auto, (max-width: 512px) 100vw, 512px\" \/><\/a><\/figure>\n<\/figure>\n","protected":false},"excerpt":{"rendered":"<p>Ideaci\u00f3n y recreaci\u00f3n del legado ancestral de una raza desaparecida, relacionada con las aves por sus capacidades de vuelo, su etereidad y ligereza, transmutada en una apariencia m\u00e1s s\u00f3lida y mat\u00e9rica, una simbiosis con p\u00e9rdida de sus primordiales capacidades, de su privilegiado estado. Convertida en otra raza muy diferente de aquella.<\/p>\n","protected":false},"author":1,"featured_media":0,"parent":0,"menu_order":0,"comment_status":"closed","ping_status":"closed","template":"","meta":{"_uag_custom_page_level_css":"","_kad_post_transparent":"","_kad_post_title":"","_kad_post_layout":"","_kad_post_sidebar_id":"","_kad_post_content_style":"","_kad_post_vertical_padding":"","_kad_post_feature":"","_kad_post_feature_position":"","_kad_post_header":false,"_kad_post_footer":false,"_kad_post_classname":"","footnotes":""},"class_list":["post-2692","page","type-page","status-publish","hentry"],"uagb_featured_image_src":{"full":false,"thumbnail":false,"medium":false,"medium_large":false,"large":false,"1536x1536":false,"2048x2048":false},"uagb_author_info":{"display_name":"David-Deliel","author_link":"https:\/\/delarte.es\/digitart\/author\/admin\/"},"uagb_comment_info":0,"uagb_excerpt":"Ideaci\u00f3n y recreaci\u00f3n del legado ancestral de una raza desaparecida, relacionada con las aves por sus capacidades de vuelo, su etereidad y ligereza, transmutada en una apariencia m\u00e1s s\u00f3lida y mat\u00e9rica, una simbiosis con p\u00e9rdida de sus primordiales capacidades, de su privilegiado estado. Convertida en otra raza muy diferente de aquella.","_links":{"self":[{"href":"https:\/\/delarte.es\/digitart\/wp-json\/wp\/v2\/pages\/2692","targetHints":{"allow":["GET"]}}],"collection":[{"href":"https:\/\/delarte.es\/digitart\/wp-json\/wp\/v2\/pages"}],"about":[{"href":"https:\/\/delarte.es\/digitart\/wp-json\/wp\/v2\/types\/page"}],"author":[{"embeddable":true,"href":"https:\/\/delarte.es\/digitart\/wp-json\/wp\/v2\/users\/1"}],"replies":[{"embeddable":true,"href":"https:\/\/delarte.es\/digitart\/wp-json\/wp\/v2\/comments?post=2692"}],"version-history":[{"count":10,"href":"https:\/\/delarte.es\/digitart\/wp-json\/wp\/v2\/pages\/2692\/revisions"}],"predecessor-version":[{"id":3353,"href":"https:\/\/delarte.es\/digitart\/wp-json\/wp\/v2\/pages\/2692\/revisions\/3353"}],"wp:attachment":[{"href":"https:\/\/delarte.es\/digitart\/wp-json\/wp\/v2\/media?parent=2692"}],"curies":[{"name":"wp","href":"https:\/\/api.w.org\/{rel}","templated":true}]}}