{"id":2205,"date":"2023-02-24T20:13:04","date_gmt":"2023-02-24T19:13:04","guid":{"rendered":"https:\/\/delarte.es\/digitart\/?page_id=2205"},"modified":"2023-02-25T22:23:00","modified_gmt":"2023-02-25T21:23:00","slug":"reflejos","status":"publish","type":"page","link":"https:\/\/delarte.es\/digitart\/reflejos\/","title":{"rendered":"Reflejos"},"content":{"rendered":"\n<div class=\"wp-block-cover is-light has-parallax\"><span aria-hidden=\"true\" class=\"wp-block-cover__background has-background-dim-30 has-background-dim\"><\/span><div role=\"img\" class=\"wp-block-cover__image-background wp-image-2132 has-parallax\" style=\"background-position:50% 50%;background-image:url(https:\/\/delarte.es\/digitart\/wp-content\/uploads\/2023\/02\/Reflex_18.jpg)\"><\/div><div class=\"wp-block-cover__inner-container is-layout-flow wp-block-cover-is-layout-flow\">\n<h2 class=\"has-text-align-center has-theme-palette-9-color has-text-color wp-block-heading\" style=\"font-size:64px\">La ciudad reflejada<\/h2>\n<\/div><\/div>\n\n\n\n<div class=\"wp-block-columns is-layout-flex wp-container-core-columns-is-layout-1 wp-block-columns-is-layout-flex\">\n<div class=\"wp-block-column is-layout-flow wp-block-column-is-layout-flow\" style=\"flex-basis:25%\"><\/div>\n\n\n\n<div class=\"wp-block-column is-layout-flow wp-block-column-is-layout-flow\" style=\"flex-basis:50%\">\n<p>Recreaci\u00f3n gr\u00e1fica mediante inteligencia artificial del concepto de metr\u00f3poli virtual, edificada con espejos, donde la ciudad construye r\u00e9plicas de s\u00ed misma en un devenir de realidades fragmentadas y repetidas, formalizando escenarios irreales y laber\u00ednticos, a base de reflejos, que postulan un espacio concreto y a la vez virtual, sin soluci\u00f3n de continuidad, y donde la figura humana parece buscar una salida, deambulando sin rumbo fijo, seguida permanentemente por su propio reflejo. <\/p>\n<\/div>\n\n\n\n<div class=\"wp-block-column is-layout-flow wp-block-column-is-layout-flow\" style=\"flex-basis:25%\"><\/div>\n<\/div>\n\n\n\n<div style=\"height:30px\" aria-hidden=\"true\" class=\"wp-block-spacer\"><\/div>\n\n\n\n<figure class=\"wp-block-gallery has-nested-images columns-6 is-cropped has-theme-palette-4-background-color has-background wp-block-gallery-1 is-layout-flex wp-block-gallery-is-layout-flex\">\n<figure class=\"wp-block-image size-full\"><a href=\"https:\/\/delarte.es\/digitart\/wp-content\/uploads\/2023\/02\/Reflex_00.jpg\"><img loading=\"lazy\" decoding=\"async\" width=\"1739\" height=\"1366\" data-id=\"2114\" src=\"https:\/\/delarte.es\/digitart\/wp-content\/uploads\/2023\/02\/Reflex_00.jpg\" alt=\"\" class=\"wp-image-2114\" srcset=\"https:\/\/delarte.es\/digitart\/wp-content\/uploads\/2023\/02\/Reflex_00.jpg 1739w, https:\/\/delarte.es\/digitart\/wp-content\/uploads\/2023\/02\/Reflex_00-600x471.jpg 600w, https:\/\/delarte.es\/digitart\/wp-content\/uploads\/2023\/02\/Reflex_00-1375x1080.jpg 1375w, https:\/\/delarte.es\/digitart\/wp-content\/uploads\/2023\/02\/Reflex_00-768x603.jpg 768w, https:\/\/delarte.es\/digitart\/wp-content\/uploads\/2023\/02\/Reflex_00-1536x1207.jpg 1536w\" sizes=\"auto, (max-width: 1739px) 100vw, 1739px\" \/><\/a><\/figure>\n\n\n\n<figure class=\"wp-block-image size-full\"><a href=\"https:\/\/delarte.es\/digitart\/wp-content\/uploads\/2023\/02\/Reflex_01.jpg\"><img loading=\"lazy\" decoding=\"async\" width=\"1739\" height=\"1366\" data-id=\"2115\" src=\"https:\/\/delarte.es\/digitart\/wp-content\/uploads\/2023\/02\/Reflex_01.jpg\" alt=\"\" class=\"wp-image-2115\" srcset=\"https:\/\/delarte.es\/digitart\/wp-content\/uploads\/2023\/02\/Reflex_01.jpg 1739w, https:\/\/delarte.es\/digitart\/wp-content\/uploads\/2023\/02\/Reflex_01-600x471.jpg 600w, https:\/\/delarte.es\/digitart\/wp-content\/uploads\/2023\/02\/Reflex_01-1375x1080.jpg 1375w, https:\/\/delarte.es\/digitart\/wp-content\/uploads\/2023\/02\/Reflex_01-768x603.jpg 768w, https:\/\/delarte.es\/digitart\/wp-content\/uploads\/2023\/02\/Reflex_01-1536x1207.jpg 1536w\" sizes=\"auto, (max-width: 1739px) 100vw, 1739px\" \/><\/a><\/figure>\n\n\n\n<figure class=\"wp-block-image size-full\"><a href=\"https:\/\/delarte.es\/digitart\/wp-content\/uploads\/2023\/02\/Reflex_02.jpg\"><img loading=\"lazy\" decoding=\"async\" width=\"1739\" height=\"1366\" data-id=\"2116\" src=\"https:\/\/delarte.es\/digitart\/wp-content\/uploads\/2023\/02\/Reflex_02.jpg\" alt=\"\" class=\"wp-image-2116\" srcset=\"https:\/\/delarte.es\/digitart\/wp-content\/uploads\/2023\/02\/Reflex_02.jpg 1739w, https:\/\/delarte.es\/digitart\/wp-content\/uploads\/2023\/02\/Reflex_02-600x471.jpg 600w, https:\/\/delarte.es\/digitart\/wp-content\/uploads\/2023\/02\/Reflex_02-1375x1080.jpg 1375w, https:\/\/delarte.es\/digitart\/wp-content\/uploads\/2023\/02\/Reflex_02-768x603.jpg 768w, https:\/\/delarte.es\/digitart\/wp-content\/uploads\/2023\/02\/Reflex_02-1536x1207.jpg 1536w\" sizes=\"auto, (max-width: 1739px) 100vw, 1739px\" \/><\/a><\/figure>\n\n\n\n<figure class=\"wp-block-image size-full\"><a href=\"https:\/\/delarte.es\/digitart\/wp-content\/uploads\/2023\/02\/Reflex_03.jpg\"><img loading=\"lazy\" decoding=\"async\" width=\"1739\" height=\"1366\" data-id=\"2117\" src=\"https:\/\/delarte.es\/digitart\/wp-content\/uploads\/2023\/02\/Reflex_03.jpg\" alt=\"\" class=\"wp-image-2117\" srcset=\"https:\/\/delarte.es\/digitart\/wp-content\/uploads\/2023\/02\/Reflex_03.jpg 1739w, https:\/\/delarte.es\/digitart\/wp-content\/uploads\/2023\/02\/Reflex_03-600x471.jpg 600w, https:\/\/delarte.es\/digitart\/wp-content\/uploads\/2023\/02\/Reflex_03-1375x1080.jpg 1375w, https:\/\/delarte.es\/digitart\/wp-content\/uploads\/2023\/02\/Reflex_03-768x603.jpg 768w, https:\/\/delarte.es\/digitart\/wp-content\/uploads\/2023\/02\/Reflex_03-1536x1207.jpg 1536w\" sizes=\"auto, (max-width: 1739px) 100vw, 1739px\" \/><\/a><\/figure>\n\n\n\n<figure class=\"wp-block-image size-full\"><a href=\"https:\/\/delarte.es\/digitart\/wp-content\/uploads\/2023\/02\/Reflex_04.jpg\"><img loading=\"lazy\" decoding=\"async\" width=\"1739\" height=\"1366\" data-id=\"2118\" src=\"https:\/\/delarte.es\/digitart\/wp-content\/uploads\/2023\/02\/Reflex_04.jpg\" alt=\"\" class=\"wp-image-2118\" srcset=\"https:\/\/delarte.es\/digitart\/wp-content\/uploads\/2023\/02\/Reflex_04.jpg 1739w, https:\/\/delarte.es\/digitart\/wp-content\/uploads\/2023\/02\/Reflex_04-600x471.jpg 600w, https:\/\/delarte.es\/digitart\/wp-content\/uploads\/2023\/02\/Reflex_04-1375x1080.jpg 1375w, https:\/\/delarte.es\/digitart\/wp-content\/uploads\/2023\/02\/Reflex_04-768x603.jpg 768w, https:\/\/delarte.es\/digitart\/wp-content\/uploads\/2023\/02\/Reflex_04-1536x1207.jpg 1536w\" sizes=\"auto, (max-width: 1739px) 100vw, 1739px\" \/><\/a><\/figure>\n\n\n\n<figure class=\"wp-block-image size-full\"><a href=\"https:\/\/delarte.es\/digitart\/wp-content\/uploads\/2023\/02\/Reflex_05.jpg\"><img loading=\"lazy\" decoding=\"async\" width=\"1739\" height=\"1366\" data-id=\"2119\" src=\"https:\/\/delarte.es\/digitart\/wp-content\/uploads\/2023\/02\/Reflex_05.jpg\" alt=\"\" class=\"wp-image-2119\" srcset=\"https:\/\/delarte.es\/digitart\/wp-content\/uploads\/2023\/02\/Reflex_05.jpg 1739w, https:\/\/delarte.es\/digitart\/wp-content\/uploads\/2023\/02\/Reflex_05-600x471.jpg 600w, https:\/\/delarte.es\/digitart\/wp-content\/uploads\/2023\/02\/Reflex_05-1375x1080.jpg 1375w, https:\/\/delarte.es\/digitart\/wp-content\/uploads\/2023\/02\/Reflex_05-768x603.jpg 768w, https:\/\/delarte.es\/digitart\/wp-content\/uploads\/2023\/02\/Reflex_05-1536x1207.jpg 1536w\" sizes=\"auto, (max-width: 1739px) 100vw, 1739px\" \/><\/a><\/figure>\n\n\n\n<figure class=\"wp-block-image size-full\"><a href=\"https:\/\/delarte.es\/digitart\/wp-content\/uploads\/2023\/02\/Reflex_06.jpg\"><img loading=\"lazy\" decoding=\"async\" width=\"1739\" height=\"1366\" data-id=\"2120\" src=\"https:\/\/delarte.es\/digitart\/wp-content\/uploads\/2023\/02\/Reflex_06.jpg\" alt=\"\" class=\"wp-image-2120\" srcset=\"https:\/\/delarte.es\/digitart\/wp-content\/uploads\/2023\/02\/Reflex_06.jpg 1739w, https:\/\/delarte.es\/digitart\/wp-content\/uploads\/2023\/02\/Reflex_06-600x471.jpg 600w, https:\/\/delarte.es\/digitart\/wp-content\/uploads\/2023\/02\/Reflex_06-1375x1080.jpg 1375w, https:\/\/delarte.es\/digitart\/wp-content\/uploads\/2023\/02\/Reflex_06-768x603.jpg 768w, https:\/\/delarte.es\/digitart\/wp-content\/uploads\/2023\/02\/Reflex_06-1536x1207.jpg 1536w\" sizes=\"auto, (max-width: 1739px) 100vw, 1739px\" \/><\/a><\/figure>\n\n\n\n<figure class=\"wp-block-image size-full\"><a href=\"https:\/\/delarte.es\/digitart\/wp-content\/uploads\/2023\/02\/Reflex_07.jpg\"><img loading=\"lazy\" decoding=\"async\" width=\"1739\" height=\"1366\" data-id=\"2121\" src=\"https:\/\/delarte.es\/digitart\/wp-content\/uploads\/2023\/02\/Reflex_07.jpg\" alt=\"\" class=\"wp-image-2121\" srcset=\"https:\/\/delarte.es\/digitart\/wp-content\/uploads\/2023\/02\/Reflex_07.jpg 1739w, https:\/\/delarte.es\/digitart\/wp-content\/uploads\/2023\/02\/Reflex_07-600x471.jpg 600w, https:\/\/delarte.es\/digitart\/wp-content\/uploads\/2023\/02\/Reflex_07-1375x1080.jpg 1375w, https:\/\/delarte.es\/digitart\/wp-content\/uploads\/2023\/02\/Reflex_07-768x603.jpg 768w, https:\/\/delarte.es\/digitart\/wp-content\/uploads\/2023\/02\/Reflex_07-1536x1207.jpg 1536w\" sizes=\"auto, (max-width: 1739px) 100vw, 1739px\" \/><\/a><\/figure>\n\n\n\n<figure class=\"wp-block-image size-full\"><a href=\"https:\/\/delarte.es\/digitart\/wp-content\/uploads\/2023\/02\/Reflex_08.jpg\"><img loading=\"lazy\" decoding=\"async\" width=\"1739\" height=\"1366\" data-id=\"2122\" src=\"https:\/\/delarte.es\/digitart\/wp-content\/uploads\/2023\/02\/Reflex_08.jpg\" alt=\"\" class=\"wp-image-2122\" srcset=\"https:\/\/delarte.es\/digitart\/wp-content\/uploads\/2023\/02\/Reflex_08.jpg 1739w, https:\/\/delarte.es\/digitart\/wp-content\/uploads\/2023\/02\/Reflex_08-600x471.jpg 600w, https:\/\/delarte.es\/digitart\/wp-content\/uploads\/2023\/02\/Reflex_08-1375x1080.jpg 1375w, https:\/\/delarte.es\/digitart\/wp-content\/uploads\/2023\/02\/Reflex_08-768x603.jpg 768w, https:\/\/delarte.es\/digitart\/wp-content\/uploads\/2023\/02\/Reflex_08-1536x1207.jpg 1536w\" sizes=\"auto, (max-width: 1739px) 100vw, 1739px\" \/><\/a><\/figure>\n\n\n\n<figure class=\"wp-block-image size-full\"><a href=\"https:\/\/delarte.es\/digitart\/wp-content\/uploads\/2023\/02\/Reflex_09.jpg\"><img loading=\"lazy\" decoding=\"async\" width=\"1739\" height=\"1366\" data-id=\"2123\" src=\"https:\/\/delarte.es\/digitart\/wp-content\/uploads\/2023\/02\/Reflex_09.jpg\" alt=\"\" class=\"wp-image-2123\" srcset=\"https:\/\/delarte.es\/digitart\/wp-content\/uploads\/2023\/02\/Reflex_09.jpg 1739w, https:\/\/delarte.es\/digitart\/wp-content\/uploads\/2023\/02\/Reflex_09-600x471.jpg 600w, https:\/\/delarte.es\/digitart\/wp-content\/uploads\/2023\/02\/Reflex_09-1375x1080.jpg 1375w, https:\/\/delarte.es\/digitart\/wp-content\/uploads\/2023\/02\/Reflex_09-768x603.jpg 768w, https:\/\/delarte.es\/digitart\/wp-content\/uploads\/2023\/02\/Reflex_09-1536x1207.jpg 1536w\" sizes=\"auto, (max-width: 1739px) 100vw, 1739px\" \/><\/a><\/figure>\n\n\n\n<figure class=\"wp-block-image size-full\"><a href=\"https:\/\/delarte.es\/digitart\/wp-content\/uploads\/2023\/02\/Reflex_10.jpg\"><img loading=\"lazy\" decoding=\"async\" width=\"1739\" height=\"1366\" data-id=\"2124\" src=\"https:\/\/delarte.es\/digitart\/wp-content\/uploads\/2023\/02\/Reflex_10.jpg\" alt=\"\" class=\"wp-image-2124\" srcset=\"https:\/\/delarte.es\/digitart\/wp-content\/uploads\/2023\/02\/Reflex_10.jpg 1739w, https:\/\/delarte.es\/digitart\/wp-content\/uploads\/2023\/02\/Reflex_10-600x471.jpg 600w, https:\/\/delarte.es\/digitart\/wp-content\/uploads\/2023\/02\/Reflex_10-1375x1080.jpg 1375w, https:\/\/delarte.es\/digitart\/wp-content\/uploads\/2023\/02\/Reflex_10-768x603.jpg 768w, https:\/\/delarte.es\/digitart\/wp-content\/uploads\/2023\/02\/Reflex_10-1536x1207.jpg 1536w\" sizes=\"auto, (max-width: 1739px) 100vw, 1739px\" \/><\/a><\/figure>\n\n\n\n<figure class=\"wp-block-image size-full\"><a href=\"https:\/\/delarte.es\/digitart\/wp-content\/uploads\/2023\/02\/Reflex_11.jpg\"><img loading=\"lazy\" decoding=\"async\" width=\"1739\" height=\"1366\" data-id=\"2125\" src=\"https:\/\/delarte.es\/digitart\/wp-content\/uploads\/2023\/02\/Reflex_11.jpg\" alt=\"\" class=\"wp-image-2125\" srcset=\"https:\/\/delarte.es\/digitart\/wp-content\/uploads\/2023\/02\/Reflex_11.jpg 1739w, https:\/\/delarte.es\/digitart\/wp-content\/uploads\/2023\/02\/Reflex_11-600x471.jpg 600w, https:\/\/delarte.es\/digitart\/wp-content\/uploads\/2023\/02\/Reflex_11-1375x1080.jpg 1375w, https:\/\/delarte.es\/digitart\/wp-content\/uploads\/2023\/02\/Reflex_11-768x603.jpg 768w, https:\/\/delarte.es\/digitart\/wp-content\/uploads\/2023\/02\/Reflex_11-1536x1207.jpg 1536w\" sizes=\"auto, (max-width: 1739px) 100vw, 1739px\" \/><\/a><\/figure>\n\n\n\n<figure class=\"wp-block-image size-full\"><a href=\"https:\/\/delarte.es\/digitart\/wp-content\/uploads\/2023\/02\/Reflex_12.jpg\"><img loading=\"lazy\" decoding=\"async\" width=\"1739\" height=\"1366\" data-id=\"2126\" src=\"https:\/\/delarte.es\/digitart\/wp-content\/uploads\/2023\/02\/Reflex_12.jpg\" alt=\"\" class=\"wp-image-2126\" srcset=\"https:\/\/delarte.es\/digitart\/wp-content\/uploads\/2023\/02\/Reflex_12.jpg 1739w, https:\/\/delarte.es\/digitart\/wp-content\/uploads\/2023\/02\/Reflex_12-600x471.jpg 600w, https:\/\/delarte.es\/digitart\/wp-content\/uploads\/2023\/02\/Reflex_12-1375x1080.jpg 1375w, https:\/\/delarte.es\/digitart\/wp-content\/uploads\/2023\/02\/Reflex_12-768x603.jpg 768w, https:\/\/delarte.es\/digitart\/wp-content\/uploads\/2023\/02\/Reflex_12-1536x1207.jpg 1536w\" sizes=\"auto, (max-width: 1739px) 100vw, 1739px\" \/><\/a><\/figure>\n\n\n\n<figure class=\"wp-block-image size-full\"><a href=\"https:\/\/delarte.es\/digitart\/wp-content\/uploads\/2023\/02\/Reflex_13.jpg\"><img loading=\"lazy\" decoding=\"async\" width=\"1739\" height=\"1366\" data-id=\"2127\" src=\"https:\/\/delarte.es\/digitart\/wp-content\/uploads\/2023\/02\/Reflex_13.jpg\" alt=\"\" class=\"wp-image-2127\" srcset=\"https:\/\/delarte.es\/digitart\/wp-content\/uploads\/2023\/02\/Reflex_13.jpg 1739w, https:\/\/delarte.es\/digitart\/wp-content\/uploads\/2023\/02\/Reflex_13-600x471.jpg 600w, https:\/\/delarte.es\/digitart\/wp-content\/uploads\/2023\/02\/Reflex_13-1375x1080.jpg 1375w, https:\/\/delarte.es\/digitart\/wp-content\/uploads\/2023\/02\/Reflex_13-768x603.jpg 768w, https:\/\/delarte.es\/digitart\/wp-content\/uploads\/2023\/02\/Reflex_13-1536x1207.jpg 1536w\" sizes=\"auto, (max-width: 1739px) 100vw, 1739px\" \/><\/a><\/figure>\n\n\n\n<figure class=\"wp-block-image size-full\"><a href=\"https:\/\/delarte.es\/digitart\/wp-content\/uploads\/2023\/02\/Reflex_14.jpg\"><img loading=\"lazy\" decoding=\"async\" width=\"1739\" height=\"1366\" data-id=\"2128\" src=\"https:\/\/delarte.es\/digitart\/wp-content\/uploads\/2023\/02\/Reflex_14.jpg\" alt=\"\" class=\"wp-image-2128\" srcset=\"https:\/\/delarte.es\/digitart\/wp-content\/uploads\/2023\/02\/Reflex_14.jpg 1739w, https:\/\/delarte.es\/digitart\/wp-content\/uploads\/2023\/02\/Reflex_14-600x471.jpg 600w, https:\/\/delarte.es\/digitart\/wp-content\/uploads\/2023\/02\/Reflex_14-1375x1080.jpg 1375w, https:\/\/delarte.es\/digitart\/wp-content\/uploads\/2023\/02\/Reflex_14-768x603.jpg 768w, https:\/\/delarte.es\/digitart\/wp-content\/uploads\/2023\/02\/Reflex_14-1536x1207.jpg 1536w\" sizes=\"auto, (max-width: 1739px) 100vw, 1739px\" \/><\/a><\/figure>\n\n\n\n<figure class=\"wp-block-image size-full\"><a href=\"https:\/\/delarte.es\/digitart\/wp-content\/uploads\/2023\/02\/Reflex_15.jpg\"><img loading=\"lazy\" decoding=\"async\" width=\"1739\" height=\"1366\" data-id=\"2129\" src=\"https:\/\/delarte.es\/digitart\/wp-content\/uploads\/2023\/02\/Reflex_15.jpg\" alt=\"\" class=\"wp-image-2129\" srcset=\"https:\/\/delarte.es\/digitart\/wp-content\/uploads\/2023\/02\/Reflex_15.jpg 1739w, https:\/\/delarte.es\/digitart\/wp-content\/uploads\/2023\/02\/Reflex_15-600x471.jpg 600w, https:\/\/delarte.es\/digitart\/wp-content\/uploads\/2023\/02\/Reflex_15-1375x1080.jpg 1375w, https:\/\/delarte.es\/digitart\/wp-content\/uploads\/2023\/02\/Reflex_15-768x603.jpg 768w, https:\/\/delarte.es\/digitart\/wp-content\/uploads\/2023\/02\/Reflex_15-1536x1207.jpg 1536w\" sizes=\"auto, (max-width: 1739px) 100vw, 1739px\" \/><\/a><\/figure>\n\n\n\n<figure class=\"wp-block-image size-full\"><a href=\"https:\/\/delarte.es\/digitart\/wp-content\/uploads\/2023\/02\/Reflex_16.jpg\"><img loading=\"lazy\" decoding=\"async\" width=\"1739\" height=\"1366\" data-id=\"2130\" src=\"https:\/\/delarte.es\/digitart\/wp-content\/uploads\/2023\/02\/Reflex_16.jpg\" alt=\"\" class=\"wp-image-2130\" srcset=\"https:\/\/delarte.es\/digitart\/wp-content\/uploads\/2023\/02\/Reflex_16.jpg 1739w, https:\/\/delarte.es\/digitart\/wp-content\/uploads\/2023\/02\/Reflex_16-600x471.jpg 600w, https:\/\/delarte.es\/digitart\/wp-content\/uploads\/2023\/02\/Reflex_16-1375x1080.jpg 1375w, https:\/\/delarte.es\/digitart\/wp-content\/uploads\/2023\/02\/Reflex_16-768x603.jpg 768w, https:\/\/delarte.es\/digitart\/wp-content\/uploads\/2023\/02\/Reflex_16-1536x1207.jpg 1536w\" sizes=\"auto, (max-width: 1739px) 100vw, 1739px\" \/><\/a><\/figure>\n\n\n\n<figure class=\"wp-block-image size-full\"><a href=\"https:\/\/delarte.es\/digitart\/wp-content\/uploads\/2023\/02\/Reflex_17.jpg\"><img loading=\"lazy\" decoding=\"async\" width=\"1739\" height=\"1366\" data-id=\"2131\" src=\"https:\/\/delarte.es\/digitart\/wp-content\/uploads\/2023\/02\/Reflex_17.jpg\" alt=\"\" class=\"wp-image-2131\" srcset=\"https:\/\/delarte.es\/digitart\/wp-content\/uploads\/2023\/02\/Reflex_17.jpg 1739w, https:\/\/delarte.es\/digitart\/wp-content\/uploads\/2023\/02\/Reflex_17-600x471.jpg 600w, https:\/\/delarte.es\/digitart\/wp-content\/uploads\/2023\/02\/Reflex_17-1375x1080.jpg 1375w, https:\/\/delarte.es\/digitart\/wp-content\/uploads\/2023\/02\/Reflex_17-768x603.jpg 768w, https:\/\/delarte.es\/digitart\/wp-content\/uploads\/2023\/02\/Reflex_17-1536x1207.jpg 1536w\" sizes=\"auto, (max-width: 1739px) 100vw, 1739px\" \/><\/a><\/figure>\n\n\n\n<figure class=\"wp-block-image size-full\"><a href=\"https:\/\/delarte.es\/digitart\/wp-content\/uploads\/2023\/02\/Reflex_18.jpg\"><img loading=\"lazy\" decoding=\"async\" width=\"1739\" height=\"1366\" data-id=\"2132\" src=\"https:\/\/delarte.es\/digitart\/wp-content\/uploads\/2023\/02\/Reflex_18.jpg\" alt=\"\" class=\"wp-image-2132\" srcset=\"https:\/\/delarte.es\/digitart\/wp-content\/uploads\/2023\/02\/Reflex_18.jpg 1739w, https:\/\/delarte.es\/digitart\/wp-content\/uploads\/2023\/02\/Reflex_18-600x471.jpg 600w, https:\/\/delarte.es\/digitart\/wp-content\/uploads\/2023\/02\/Reflex_18-1375x1080.jpg 1375w, https:\/\/delarte.es\/digitart\/wp-content\/uploads\/2023\/02\/Reflex_18-768x603.jpg 768w, https:\/\/delarte.es\/digitart\/wp-content\/uploads\/2023\/02\/Reflex_18-1536x1207.jpg 1536w\" sizes=\"auto, (max-width: 1739px) 100vw, 1739px\" \/><\/a><\/figure>\n\n\n\n<figure class=\"wp-block-image size-full\"><a href=\"https:\/\/delarte.es\/digitart\/wp-content\/uploads\/2023\/02\/Reflex_19.jpg\"><img loading=\"lazy\" decoding=\"async\" width=\"1739\" height=\"1366\" data-id=\"2133\" src=\"https:\/\/delarte.es\/digitart\/wp-content\/uploads\/2023\/02\/Reflex_19.jpg\" alt=\"\" class=\"wp-image-2133\" srcset=\"https:\/\/delarte.es\/digitart\/wp-content\/uploads\/2023\/02\/Reflex_19.jpg 1739w, https:\/\/delarte.es\/digitart\/wp-content\/uploads\/2023\/02\/Reflex_19-600x471.jpg 600w, https:\/\/delarte.es\/digitart\/wp-content\/uploads\/2023\/02\/Reflex_19-1375x1080.jpg 1375w, https:\/\/delarte.es\/digitart\/wp-content\/uploads\/2023\/02\/Reflex_19-768x603.jpg 768w, https:\/\/delarte.es\/digitart\/wp-content\/uploads\/2023\/02\/Reflex_19-1536x1207.jpg 1536w\" sizes=\"auto, (max-width: 1739px) 100vw, 1739px\" \/><\/a><\/figure>\n\n\n\n<figure class=\"wp-block-image size-full\"><a href=\"https:\/\/delarte.es\/digitart\/wp-content\/uploads\/2023\/02\/Reflex_20.jpg\"><img loading=\"lazy\" decoding=\"async\" width=\"1739\" height=\"1366\" data-id=\"2134\" src=\"https:\/\/delarte.es\/digitart\/wp-content\/uploads\/2023\/02\/Reflex_20.jpg\" alt=\"\" class=\"wp-image-2134\" srcset=\"https:\/\/delarte.es\/digitart\/wp-content\/uploads\/2023\/02\/Reflex_20.jpg 1739w, https:\/\/delarte.es\/digitart\/wp-content\/uploads\/2023\/02\/Reflex_20-600x471.jpg 600w, https:\/\/delarte.es\/digitart\/wp-content\/uploads\/2023\/02\/Reflex_20-1375x1080.jpg 1375w, https:\/\/delarte.es\/digitart\/wp-content\/uploads\/2023\/02\/Reflex_20-768x603.jpg 768w, https:\/\/delarte.es\/digitart\/wp-content\/uploads\/2023\/02\/Reflex_20-1536x1207.jpg 1536w\" sizes=\"auto, (max-width: 1739px) 100vw, 1739px\" \/><\/a><\/figure>\n\n\n\n<figure class=\"wp-block-image size-full\"><a href=\"https:\/\/delarte.es\/digitart\/wp-content\/uploads\/2023\/02\/Reflex_21.jpg\"><img loading=\"lazy\" decoding=\"async\" width=\"1739\" height=\"1366\" data-id=\"2135\" src=\"https:\/\/delarte.es\/digitart\/wp-content\/uploads\/2023\/02\/Reflex_21.jpg\" alt=\"\" class=\"wp-image-2135\" srcset=\"https:\/\/delarte.es\/digitart\/wp-content\/uploads\/2023\/02\/Reflex_21.jpg 1739w, https:\/\/delarte.es\/digitart\/wp-content\/uploads\/2023\/02\/Reflex_21-600x471.jpg 600w, https:\/\/delarte.es\/digitart\/wp-content\/uploads\/2023\/02\/Reflex_21-1375x1080.jpg 1375w, https:\/\/delarte.es\/digitart\/wp-content\/uploads\/2023\/02\/Reflex_21-768x603.jpg 768w, https:\/\/delarte.es\/digitart\/wp-content\/uploads\/2023\/02\/Reflex_21-1536x1207.jpg 1536w\" sizes=\"auto, (max-width: 1739px) 100vw, 1739px\" \/><\/a><\/figure>\n\n\n\n<figure class=\"wp-block-image size-full\"><a href=\"https:\/\/delarte.es\/digitart\/wp-content\/uploads\/2023\/02\/Reflex_22.jpg\"><img loading=\"lazy\" decoding=\"async\" width=\"1739\" height=\"1366\" data-id=\"2136\" src=\"https:\/\/delarte.es\/digitart\/wp-content\/uploads\/2023\/02\/Reflex_22.jpg\" alt=\"\" class=\"wp-image-2136\" srcset=\"https:\/\/delarte.es\/digitart\/wp-content\/uploads\/2023\/02\/Reflex_22.jpg 1739w, https:\/\/delarte.es\/digitart\/wp-content\/uploads\/2023\/02\/Reflex_22-600x471.jpg 600w, https:\/\/delarte.es\/digitart\/wp-content\/uploads\/2023\/02\/Reflex_22-1375x1080.jpg 1375w, https:\/\/delarte.es\/digitart\/wp-content\/uploads\/2023\/02\/Reflex_22-768x603.jpg 768w, https:\/\/delarte.es\/digitart\/wp-content\/uploads\/2023\/02\/Reflex_22-1536x1207.jpg 1536w\" sizes=\"auto, (max-width: 1739px) 100vw, 1739px\" \/><\/a><\/figure>\n\n\n\n<figure class=\"wp-block-image size-full\"><a href=\"https:\/\/delarte.es\/digitart\/wp-content\/uploads\/2023\/02\/Reflex_23.jpg\"><img loading=\"lazy\" decoding=\"async\" width=\"1739\" height=\"1366\" data-id=\"2137\" src=\"https:\/\/delarte.es\/digitart\/wp-content\/uploads\/2023\/02\/Reflex_23.jpg\" alt=\"\" class=\"wp-image-2137\" srcset=\"https:\/\/delarte.es\/digitart\/wp-content\/uploads\/2023\/02\/Reflex_23.jpg 1739w, https:\/\/delarte.es\/digitart\/wp-content\/uploads\/2023\/02\/Reflex_23-600x471.jpg 600w, https:\/\/delarte.es\/digitart\/wp-content\/uploads\/2023\/02\/Reflex_23-1375x1080.jpg 1375w, https:\/\/delarte.es\/digitart\/wp-content\/uploads\/2023\/02\/Reflex_23-768x603.jpg 768w, https:\/\/delarte.es\/digitart\/wp-content\/uploads\/2023\/02\/Reflex_23-1536x1207.jpg 1536w\" sizes=\"auto, (max-width: 1739px) 100vw, 1739px\" \/><\/a><\/figure>\n<\/figure>\n\n\n\n<div style=\"height:30px\" aria-hidden=\"true\" class=\"wp-block-spacer\"><\/div>\n","protected":false},"excerpt":{"rendered":"<p>Recreaci\u00f3n gr\u00e1fica mediante inteligencia artificial del concepto de metr\u00f3poli virtual, edificada con espejos, donde la ciudad construye r\u00e9plicas de s\u00ed misma en un devenir de realidades fragmentadas y repetidas, formalizando escenarios irreales y laber\u00ednticos, a base de reflejos, que postulan un espacio concreto y a la vez virtual, sin soluci\u00f3n de continuidad, y donde la&#8230;<\/p>\n","protected":false},"author":1,"featured_media":0,"parent":0,"menu_order":0,"comment_status":"closed","ping_status":"closed","template":"","meta":{"_uag_custom_page_level_css":"","_kad_post_transparent":"","_kad_post_title":"","_kad_post_layout":"","_kad_post_sidebar_id":"","_kad_post_content_style":"","_kad_post_vertical_padding":"","_kad_post_feature":"","_kad_post_feature_position":"","_kad_post_header":false,"_kad_post_footer":false,"_kad_post_classname":"","footnotes":""},"class_list":["post-2205","page","type-page","status-publish","hentry"],"uagb_featured_image_src":{"full":false,"thumbnail":false,"medium":false,"medium_large":false,"large":false,"1536x1536":false,"2048x2048":false},"uagb_author_info":{"display_name":"David-Deliel","author_link":"https:\/\/delarte.es\/digitart\/author\/admin\/"},"uagb_comment_info":0,"uagb_excerpt":"Recreaci\u00f3n gr\u00e1fica mediante inteligencia artificial del concepto de metr\u00f3poli virtual, edificada con espejos, donde la ciudad construye r\u00e9plicas de s\u00ed misma en un devenir de realidades fragmentadas y repetidas, formalizando escenarios irreales y laber\u00ednticos, a base de reflejos, que postulan un espacio concreto y a la vez virtual, sin soluci\u00f3n de continuidad, y donde la...","_links":{"self":[{"href":"https:\/\/delarte.es\/digitart\/wp-json\/wp\/v2\/pages\/2205","targetHints":{"allow":["GET"]}}],"collection":[{"href":"https:\/\/delarte.es\/digitart\/wp-json\/wp\/v2\/pages"}],"about":[{"href":"https:\/\/delarte.es\/digitart\/wp-json\/wp\/v2\/types\/page"}],"author":[{"embeddable":true,"href":"https:\/\/delarte.es\/digitart\/wp-json\/wp\/v2\/users\/1"}],"replies":[{"embeddable":true,"href":"https:\/\/delarte.es\/digitart\/wp-json\/wp\/v2\/comments?post=2205"}],"version-history":[{"count":11,"href":"https:\/\/delarte.es\/digitart\/wp-json\/wp\/v2\/pages\/2205\/revisions"}],"predecessor-version":[{"id":2249,"href":"https:\/\/delarte.es\/digitart\/wp-json\/wp\/v2\/pages\/2205\/revisions\/2249"}],"wp:attachment":[{"href":"https:\/\/delarte.es\/digitart\/wp-json\/wp\/v2\/media?parent=2205"}],"curies":[{"name":"wp","href":"https:\/\/api.w.org\/{rel}","templated":true}]}}