{"id":2,"date":"2022-10-31T18:39:44","date_gmt":"2022-10-31T17:39:44","guid":{"rendered":"https:\/\/delarte.es\/digitart\/?page_id=2"},"modified":"2024-12-20T18:19:01","modified_gmt":"2024-12-20T17:19:01","slug":"arte-digital-ia-arte-3d","status":"publish","type":"page","link":"https:\/\/delarte.es\/digitart\/","title":{"rendered":"Inicio"},"content":{"rendered":"\n<div class=\"wp-block-cover alignfull is-light has-parallax\" style=\"min-height:417px;aspect-ratio:unset;\"><span aria-hidden=\"true\" class=\"wp-block-cover__background has-background-dim-0 has-background-dim\"><\/span><div class=\"wp-block-cover__image-background wp-image-10 has-parallax\" style=\"background-position:50% 50%;background-image:url(https:\/\/delarte.es\/digitart\/wp-content\/uploads\/2022\/11\/A_MoonOut_2.jpg)\"><\/div><div class=\"wp-block-cover__inner-container is-layout-flow wp-block-cover-is-layout-flow\">\n<h1 class=\"wp-block-heading has-text-align-center has-theme-palette-9-color has-text-color\" style=\"font-size:60px;font-style:normal;font-weight:100\">Arte digital &amp; NFT<\/h1>\n\n\n\n<div class=\"wp-block-uagb-advanced-heading uagb-block-9059f0fe\"><h2 class=\"uagb-heading-text\">3D-IA-Fractal-Foto-V\u00eddeo<\/h2><\/div>\n<\/div><\/div>\n\n\n\n<div class=\"wp-block-columns is-layout-flex wp-container-core-columns-is-layout-1 wp-block-columns-is-layout-flex\">\n<div class=\"wp-block-column is-layout-flow wp-block-column-is-layout-flow\" style=\"flex-basis:25%\"><\/div>\n\n\n\n<div class=\"wp-block-column is-layout-flow wp-block-column-is-layout-flow\" style=\"flex-basis:50%\">\n<h3 class=\"wp-block-heading has-text-align-center\">Del Arte anal\u00f3gico al Arte digital<\/h3>\n\n\n\n<p>Todo sistema din\u00e1mico cambia, con relaci\u00f3n a su entorno, evolucionando y adapt\u00e1ndose. Del mismo modo, el Arte, como expresi\u00f3n, evoluciona y cambia, adoptando nuevos enfoques a partir del desarrollo de las herramientas digitales. As\u00ed, el Arte anal\u00f3gico  se transforma en Arte digital y ambos se realimentan.<\/p>\n<\/div>\n\n\n\n<div class=\"wp-block-column is-layout-flow wp-block-column-is-layout-flow\" style=\"flex-basis:25%\"><\/div>\n<\/div>\n\n\n\n<div class=\"wp-block-uagb-blockquote uagb-block-58577c21 uagb-blockquote__skin-quotation uagb-blockquote__align-center uagb-blockquote__style-style_2 uagb-blockquote__stack-img-none\"><blockquote class=\"uagb-blockquote\"><span class=\"uagb-blockquote__icon\"><svg width=\"20\" height=\"20\" viewBox=\"0 0 32 32\"><path d=\"M7.031 14c3.866 0 7 3.134 7 7s-3.134 7-7 7-7-3.134-7-7l-0.031-1c0-7.732 6.268-14 14-14v4c-2.671 0-5.182 1.040-7.071 2.929-0.364 0.364-0.695 0.751-0.995 1.157 0.357-0.056 0.724-0.086 1.097-0.086zM25.031 14c3.866 0 7 3.134 7 7s-3.134 7-7 7-7-3.134-7-7l-0.031-1c0-7.732 6.268-14 14-14v4c-2.671 0-5.182 1.040-7.071 2.929-0.364 0.364-0.695 0.751-0.995 1.157 0.358-0.056 0.724-0.086 1.097-0.086z\"><\/path><\/svg><\/span><div class=\"uagb-blockquote__content\">\u00abLa observaci\u00f3n contemplativa genera Arte\u00bb.<\/div><footer><div class=\"uagb-blockquote__author-wrap uagb-blockquote__author-at-left\"><cite class=\"uagb-blockquote__author\">DGM<\/cite><\/div><\/footer><\/blockquote><\/div>\n\n\n\n<hr class=\"wp-block-separator has-text-color has-theme-palette-1-color has-alpha-channel-opacity has-theme-palette-1-background-color has-background is-style-wide\"\/>\n\n\n\n<div class=\"wp-block-columns alignwide are-vertically-aligned-top is-style-default has-background is-layout-flex wp-container-core-columns-is-layout-2 wp-block-columns-is-layout-flex\" style=\"background-color:#13082b00;padding-top:0;padding-right:0;padding-bottom:0;padding-left:0\">\n<div class=\"wp-block-column is-vertically-aligned-top has-background is-layout-flow wp-block-column-is-layout-flow\" style=\"background-color:#13082b00;padding-top:0;padding-right:0;padding-bottom:0;padding-left:0\">\n<div class=\"wp-block-uagb-image aligncenter uagb-block-94ef7b9e wp-block-uagb-image--layout-overlay wp-block-uagb-image--effect-zoomin wp-block-uagb-image--align-center\"><figure class=\"wp-block-uagb-image__figure\"><a class=\"\" href=\"https:\/\/delarte.es\/digitart\/esculturas-en-3d-con-diferentes-programas-renders-y-videos\/\" target=\"\" rel=\"noopener\"><img decoding=\"async\" srcset=\"https:\/\/delarte.es\/digitart\/wp-content\/uploads\/2022\/11\/Danza-vegetal-300x300.jpg \" sizes=\"auto, (max-width: 480px) 150px\" src=\"https:\/\/delarte.es\/digitart\/wp-content\/uploads\/2022\/11\/Danza-vegetal-300x300.jpg\" alt=\"Modelo 3D con part\u00edculas\" class=\"uag-image-229\" width=\"300\" height=\"300\" title=\"\" loading=\"lazy\" role=\"img\"\/><\/a><div class=\"wp-block-uagb-image--layout-overlay__color-wrapper\"><\/div><div class=\"wp-block-uagb-image--layout-overlay__inner center-center\"><a class=\"wp-block-uagb-image--layout-overlay-link \" href=\"https:\/\/delarte.es\/digitart\/esculturas-en-3d-con-diferentes-programas-renders-y-videos\/\" target=\"\" rel=\"noopener\"><\/a><h2 class=\"uagb-image-heading\">3D<\/h2><figcaption class=\"uagb-image-caption\">Im\u00e1genes y v\u00eddeos<\/figcaption><\/div><\/figure><\/div>\n<\/div>\n\n\n\n<div class=\"wp-block-column is-vertically-aligned-top is-layout-flow wp-block-column-is-layout-flow\">\n<div class=\"wp-block-uagb-image aligncenter uagb-block-a3cfd3d4 wp-block-uagb-image--layout-overlay wp-block-uagb-image--effect-zoomin wp-block-uagb-image--align-center\"><figure class=\"wp-block-uagb-image__figure\"><a class=\"\" href=\"https:\/\/delarte.es\/digitart\/ia\/\" target=\"\" rel=\"noopener\"><img decoding=\"async\" srcset=\"https:\/\/delarte.es\/digitart\/wp-content\/uploads\/2023\/02\/Cristo_34-300x300.jpg \" sizes=\"auto, (max-width: 480px) 150px\" src=\"https:\/\/delarte.es\/digitart\/wp-content\/uploads\/2023\/02\/Cristo_34-300x300.jpg\" alt=\"Serie Cristo\" class=\"uag-image-1882\" width=\"300\" height=\"300\" title=\"\" loading=\"lazy\" role=\"img\"\/><\/a><div class=\"wp-block-uagb-image--layout-overlay__color-wrapper\"><\/div><div class=\"wp-block-uagb-image--layout-overlay__inner center-center\"><a class=\"wp-block-uagb-image--layout-overlay-link \" href=\"https:\/\/delarte.es\/digitart\/ia\/\" target=\"\" rel=\"noopener\"><\/a><h2 class=\"uagb-image-heading\">IA<\/h2><figcaption class=\"uagb-image-caption\">Series de im\u00e1genes y v\u00eddeos<\/figcaption><\/div><\/figure><\/div>\n<\/div>\n\n\n\n<div class=\"wp-block-column is-vertically-aligned-top is-layout-flow wp-block-column-is-layout-flow\">\n<div class=\"wp-block-uagb-image aligncenter uagb-block-38223cf8 wp-block-uagb-image--layout-overlay wp-block-uagb-image--effect-zoomin wp-block-uagb-image--align-center\"><figure class=\"wp-block-uagb-image__figure\"><a class=\"\" href=\"https:\/\/delarte.es\/digitart\/fractal\/\" target=\"\" rel=\"noopener\"><img decoding=\"async\" srcset=\"https:\/\/delarte.es\/digitart\/wp-content\/uploads\/2022\/11\/Bulbos-C-300x300.jpg \" sizes=\"auto, (max-width: 480px) 150px\" src=\"https:\/\/delarte.es\/digitart\/wp-content\/uploads\/2022\/11\/Bulbos-C-300x300.jpg\" alt=\"\" class=\"uag-image-179\" width=\"307\" height=\"260\" title=\"\" loading=\"lazy\" role=\"img\"\/><\/a><div class=\"wp-block-uagb-image--layout-overlay__color-wrapper\"><\/div><div class=\"wp-block-uagb-image--layout-overlay__inner center-center\"><a class=\"wp-block-uagb-image--layout-overlay-link \" href=\"https:\/\/delarte.es\/digitart\/fractal\/\" target=\"\" rel=\"noopener\"><\/a><h2 class=\"uagb-image-heading\">Mundo Fractal<\/h2><figcaption class=\"uagb-image-caption\">Im\u00e1genes y v\u00eddeos<\/figcaption><\/div><\/figure><\/div>\n<\/div>\n\n\n\n<div class=\"wp-block-column is-vertically-aligned-top is-layout-flow wp-block-column-is-layout-flow\">\n<div class=\"wp-block-uagb-image aligncenter uagb-block-88595fc7 wp-block-uagb-image--layout-overlay wp-block-uagb-image--effect-zoomin wp-block-uagb-image--align-center\"><figure class=\"wp-block-uagb-image__figure\"><a class=\"\" href=\"https:\/\/delarte.es\/digitart\/video-experimental\/\" target=\"\" rel=\"noopener\"><img decoding=\"async\" srcset=\"https:\/\/delarte.es\/digitart\/wp-content\/uploads\/2022\/11\/Moment-300x300.jpg \" sizes=\"auto, (max-width: 480px) 150px\" src=\"https:\/\/delarte.es\/digitart\/wp-content\/uploads\/2022\/11\/Moment-300x300.jpg\" alt=\"\" class=\"uag-image-182\" width=\"300\" height=\"300\" title=\"\" loading=\"lazy\" role=\"img\"\/><\/a><div class=\"wp-block-uagb-image--layout-overlay__color-wrapper\"><\/div><div class=\"wp-block-uagb-image--layout-overlay__inner center-center\"><a class=\"wp-block-uagb-image--layout-overlay-link \" href=\"https:\/\/delarte.es\/digitart\/video-experimental\/\" target=\"\" rel=\"noopener\"><\/a><h2 class=\"uagb-image-heading\">V\u00eddeo<\/h2><figcaption class=\"uagb-image-caption\">Experimental<\/figcaption><\/div><\/figure><\/div>\n<\/div>\n<\/div>\n","protected":false},"excerpt":{"rendered":"<p>Del Arte anal\u00f3gico al Arte digital Todo sistema din\u00e1mico cambia, con relaci\u00f3n a su entorno, evolucionando y adapt\u00e1ndose. Del mismo modo, el Arte, como expresi\u00f3n, evoluciona y cambia, adoptando nuevos enfoques a partir del desarrollo de las herramientas digitales. As\u00ed, el Arte anal\u00f3gico se transforma en Arte digital y ambos se realimentan.<\/p>\n","protected":false},"author":1,"featured_media":550,"parent":0,"menu_order":0,"comment_status":"closed","ping_status":"closed","template":"","meta":{"_uag_custom_page_level_css":"","_kad_post_transparent":"enable","_kad_post_title":"hide","_kad_post_layout":"fullwidth","_kad_post_sidebar_id":"","_kad_post_content_style":"boxed","_kad_post_vertical_padding":"default","_kad_post_feature":"","_kad_post_feature_position":"","_kad_post_header":false,"_kad_post_footer":false,"_kad_post_classname":"","footnotes":""},"class_list":["post-2","page","type-page","status-publish","has-post-thumbnail","hentry"],"uagb_featured_image_src":{"full":["https:\/\/delarte.es\/digitart\/wp-content\/uploads\/2022\/11\/Nike.jpg",1368,1824,false],"thumbnail":["https:\/\/delarte.es\/digitart\/wp-content\/uploads\/2022\/11\/Nike-300x300.jpg",300,300,true],"medium":["https:\/\/delarte.es\/digitart\/wp-content\/uploads\/2022\/11\/Nike-450x600.jpg",450,600,true],"medium_large":["https:\/\/delarte.es\/digitart\/wp-content\/uploads\/2022\/11\/Nike-768x1024.jpg",768,1024,true],"large":["https:\/\/delarte.es\/digitart\/wp-content\/uploads\/2022\/11\/Nike-810x1080.jpg",810,1080,true],"1536x1536":["https:\/\/delarte.es\/digitart\/wp-content\/uploads\/2022\/11\/Nike-1152x1536.jpg",1152,1536,true],"2048x2048":["https:\/\/delarte.es\/digitart\/wp-content\/uploads\/2022\/11\/Nike.jpg",1368,1824,false]},"uagb_author_info":{"display_name":"David-Deliel","author_link":"https:\/\/delarte.es\/digitart\/author\/admin\/"},"uagb_comment_info":0,"uagb_excerpt":"Del Arte anal\u00f3gico al Arte digital Todo sistema din\u00e1mico cambia, con relaci\u00f3n a su entorno, evolucionando y adapt\u00e1ndose. Del mismo modo, el Arte, como expresi\u00f3n, evoluciona y cambia, adoptando nuevos enfoques a partir del desarrollo de las herramientas digitales. As\u00ed, el Arte anal\u00f3gico se transforma en Arte digital y ambos se realimentan.","_links":{"self":[{"href":"https:\/\/delarte.es\/digitart\/wp-json\/wp\/v2\/pages\/2","targetHints":{"allow":["GET"]}}],"collection":[{"href":"https:\/\/delarte.es\/digitart\/wp-json\/wp\/v2\/pages"}],"about":[{"href":"https:\/\/delarte.es\/digitart\/wp-json\/wp\/v2\/types\/page"}],"author":[{"embeddable":true,"href":"https:\/\/delarte.es\/digitart\/wp-json\/wp\/v2\/users\/1"}],"replies":[{"embeddable":true,"href":"https:\/\/delarte.es\/digitart\/wp-json\/wp\/v2\/comments?post=2"}],"version-history":[{"count":168,"href":"https:\/\/delarte.es\/digitart\/wp-json\/wp\/v2\/pages\/2\/revisions"}],"predecessor-version":[{"id":3444,"href":"https:\/\/delarte.es\/digitart\/wp-json\/wp\/v2\/pages\/2\/revisions\/3444"}],"wp:featuredmedia":[{"embeddable":true,"href":"https:\/\/delarte.es\/digitart\/wp-json\/wp\/v2\/media\/550"}],"wp:attachment":[{"href":"https:\/\/delarte.es\/digitart\/wp-json\/wp\/v2\/media?parent=2"}],"curies":[{"name":"wp","href":"https:\/\/api.w.org\/{rel}","templated":true}]}}