{"id":1447,"date":"2023-02-16T12:49:56","date_gmt":"2023-02-16T11:49:56","guid":{"rendered":"https:\/\/delarte.es\/digitart\/?page_id=1447"},"modified":"2023-02-18T11:51:20","modified_gmt":"2023-02-18T10:51:20","slug":"madrid-del-cielo","status":"publish","type":"page","link":"https:\/\/delarte.es\/digitart\/madrid-del-cielo\/","title":{"rendered":"Madrid del Cielo"},"content":{"rendered":"\n<div class=\"wp-block-cover aligncenter is-light has-parallax\"><span aria-hidden=\"true\" class=\"wp-block-cover__background has-background-dim-30 has-background-dim\"><\/span><div role=\"img\" class=\"wp-block-cover__image-background wp-image-1483 has-parallax\" style=\"background-position:50% 50%;background-image:url(https:\/\/delarte.es\/digitart\/wp-content\/uploads\/2023\/02\/GM_D_13.jpg)\"><\/div><div class=\"wp-block-cover__inner-container is-layout-flow wp-block-cover-is-layout-flow\">\n<h2 class=\"has-text-align-center has-theme-palette-9-color has-text-color wp-block-heading\" style=\"font-size:64px\">Madrid del Cielo<\/h2>\n<\/div><\/div>\n\n\n\n<div style=\"height:17px\" aria-hidden=\"true\" class=\"wp-block-spacer\"><\/div>\n\n\n\n<h2 class=\"has-text-align-center wp-block-heading\">Madrid del Cielo<\/h2>\n\n\n\n<div class=\"wp-block-columns is-layout-flex wp-container-core-columns-is-layout-1 wp-block-columns-is-layout-flex\">\n<div class=\"wp-block-column is-layout-flow wp-block-column-is-layout-flow\" style=\"flex-basis:25%\"><\/div>\n\n\n\n<div class=\"wp-block-column is-layout-flow wp-block-column-is-layout-flow\" style=\"flex-basis:50%\">\n<p>Este proyecto naci\u00f3 hace varios a\u00f1os, expresando mi propia necesidad de enfocar la mirada al cielo, a las alturas. Por un lado, en atenci\u00f3n a la arquitectura emblem\u00e1tica que configura la ciudad de Madrid, desde la dimensi\u00f3n humana, con sus alturas y diversidad de formas, y de c\u00f3mo sus perfiles recortan el magn\u00edfico y cambiante cielo de la ciudad. Por otro lado, como homenaje al recuerdo de una mirada que permanece presente desde la infancia, aquella que busca el espacio abierto, m\u00e1s et\u00e9reo y liviano, ante la intensidad, demasiado s\u00f3lida, del cemento y el acero.<\/p>\n<\/div>\n\n\n\n<div class=\"wp-block-column is-layout-flow wp-block-column-is-layout-flow\" style=\"flex-basis:25%\"><\/div>\n<\/div>\n\n\n\n<div style=\"height:36px\" aria-hidden=\"true\" class=\"wp-block-spacer\"><\/div>\n\n\n\n<div class=\"wp-block-group has-theme-palette-4-background-color has-background\"><div class=\"wp-block-group__inner-container is-layout-flow wp-block-group-is-layout-flow\">\n<figure class=\"wp-block-gallery has-nested-images columns-6 is-cropped has-theme-palette-4-background-color has-background wp-block-gallery-1 is-layout-flex wp-block-gallery-is-layout-flex\">\n<figure class=\"wp-block-image size-full\"><a href=\"https:\/\/delarte.es\/digitart\/wp-content\/uploads\/2023\/02\/GM_D_01.jpg\"><img loading=\"lazy\" decoding=\"async\" width=\"1824\" height=\"1368\" src=\"https:\/\/delarte.es\/digitart\/wp-content\/uploads\/2023\/02\/GM_D_01.jpg\" alt=\"\" class=\"wp-image-1472\" srcset=\"https:\/\/delarte.es\/digitart\/wp-content\/uploads\/2023\/02\/GM_D_01.jpg 1824w, https:\/\/delarte.es\/digitart\/wp-content\/uploads\/2023\/02\/GM_D_01-600x450.jpg 600w, https:\/\/delarte.es\/digitart\/wp-content\/uploads\/2023\/02\/GM_D_01-1440x1080.jpg 1440w, https:\/\/delarte.es\/digitart\/wp-content\/uploads\/2023\/02\/GM_D_01-768x576.jpg 768w, https:\/\/delarte.es\/digitart\/wp-content\/uploads\/2023\/02\/GM_D_01-1536x1152.jpg 1536w\" sizes=\"auto, (max-width: 1824px) 100vw, 1824px\" \/><\/a><\/figure>\n\n\n\n<figure class=\"wp-block-image size-full\"><a href=\"https:\/\/delarte.es\/digitart\/wp-content\/uploads\/2023\/02\/GM_D_02.jpg\"><img loading=\"lazy\" decoding=\"async\" width=\"1824\" height=\"1368\" src=\"https:\/\/delarte.es\/digitart\/wp-content\/uploads\/2023\/02\/GM_D_02.jpg\" alt=\"\" class=\"wp-image-1473\" srcset=\"https:\/\/delarte.es\/digitart\/wp-content\/uploads\/2023\/02\/GM_D_02.jpg 1824w, https:\/\/delarte.es\/digitart\/wp-content\/uploads\/2023\/02\/GM_D_02-600x450.jpg 600w, https:\/\/delarte.es\/digitart\/wp-content\/uploads\/2023\/02\/GM_D_02-1440x1080.jpg 1440w, https:\/\/delarte.es\/digitart\/wp-content\/uploads\/2023\/02\/GM_D_02-768x576.jpg 768w, https:\/\/delarte.es\/digitart\/wp-content\/uploads\/2023\/02\/GM_D_02-1536x1152.jpg 1536w\" sizes=\"auto, (max-width: 1824px) 100vw, 1824px\" \/><\/a><\/figure>\n\n\n\n<figure class=\"wp-block-image size-full\"><a href=\"https:\/\/delarte.es\/digitart\/wp-content\/uploads\/2023\/02\/GM_D_04.jpg\"><img loading=\"lazy\" decoding=\"async\" width=\"1824\" height=\"1368\" src=\"https:\/\/delarte.es\/digitart\/wp-content\/uploads\/2023\/02\/GM_D_04.jpg\" alt=\"\" class=\"wp-image-1474\" srcset=\"https:\/\/delarte.es\/digitart\/wp-content\/uploads\/2023\/02\/GM_D_04.jpg 1824w, https:\/\/delarte.es\/digitart\/wp-content\/uploads\/2023\/02\/GM_D_04-600x450.jpg 600w, https:\/\/delarte.es\/digitart\/wp-content\/uploads\/2023\/02\/GM_D_04-1440x1080.jpg 1440w, https:\/\/delarte.es\/digitart\/wp-content\/uploads\/2023\/02\/GM_D_04-768x576.jpg 768w, https:\/\/delarte.es\/digitart\/wp-content\/uploads\/2023\/02\/GM_D_04-1536x1152.jpg 1536w\" sizes=\"auto, (max-width: 1824px) 100vw, 1824px\" \/><\/a><\/figure>\n\n\n\n<figure class=\"wp-block-image size-full\"><a href=\"https:\/\/delarte.es\/digitart\/wp-content\/uploads\/2023\/02\/GM_D_05.jpg\"><img loading=\"lazy\" decoding=\"async\" width=\"1368\" height=\"1824\" src=\"https:\/\/delarte.es\/digitart\/wp-content\/uploads\/2023\/02\/GM_D_05.jpg\" alt=\"\" class=\"wp-image-1475\" srcset=\"https:\/\/delarte.es\/digitart\/wp-content\/uploads\/2023\/02\/GM_D_05.jpg 1368w, https:\/\/delarte.es\/digitart\/wp-content\/uploads\/2023\/02\/GM_D_05-450x600.jpg 450w, https:\/\/delarte.es\/digitart\/wp-content\/uploads\/2023\/02\/GM_D_05-810x1080.jpg 810w, https:\/\/delarte.es\/digitart\/wp-content\/uploads\/2023\/02\/GM_D_05-768x1024.jpg 768w, https:\/\/delarte.es\/digitart\/wp-content\/uploads\/2023\/02\/GM_D_05-1152x1536.jpg 1152w\" sizes=\"auto, (max-width: 1368px) 100vw, 1368px\" \/><\/a><\/figure>\n\n\n\n<figure class=\"wp-block-image size-full\"><a href=\"https:\/\/delarte.es\/digitart\/wp-content\/uploads\/2023\/02\/GM_D_06.jpg\"><img loading=\"lazy\" decoding=\"async\" width=\"1368\" height=\"1824\" src=\"https:\/\/delarte.es\/digitart\/wp-content\/uploads\/2023\/02\/GM_D_06.jpg\" alt=\"\" class=\"wp-image-1476\" srcset=\"https:\/\/delarte.es\/digitart\/wp-content\/uploads\/2023\/02\/GM_D_06.jpg 1368w, https:\/\/delarte.es\/digitart\/wp-content\/uploads\/2023\/02\/GM_D_06-450x600.jpg 450w, https:\/\/delarte.es\/digitart\/wp-content\/uploads\/2023\/02\/GM_D_06-810x1080.jpg 810w, https:\/\/delarte.es\/digitart\/wp-content\/uploads\/2023\/02\/GM_D_06-768x1024.jpg 768w, https:\/\/delarte.es\/digitart\/wp-content\/uploads\/2023\/02\/GM_D_06-1152x1536.jpg 1152w\" sizes=\"auto, (max-width: 1368px) 100vw, 1368px\" \/><\/a><\/figure>\n\n\n\n<figure class=\"wp-block-image size-full\"><a href=\"https:\/\/delarte.es\/digitart\/wp-content\/uploads\/2023\/02\/GM_D_07.jpg\"><img loading=\"lazy\" decoding=\"async\" width=\"1368\" height=\"1824\" src=\"https:\/\/delarte.es\/digitart\/wp-content\/uploads\/2023\/02\/GM_D_07.jpg\" alt=\"\" class=\"wp-image-1477\" srcset=\"https:\/\/delarte.es\/digitart\/wp-content\/uploads\/2023\/02\/GM_D_07.jpg 1368w, https:\/\/delarte.es\/digitart\/wp-content\/uploads\/2023\/02\/GM_D_07-450x600.jpg 450w, https:\/\/delarte.es\/digitart\/wp-content\/uploads\/2023\/02\/GM_D_07-810x1080.jpg 810w, https:\/\/delarte.es\/digitart\/wp-content\/uploads\/2023\/02\/GM_D_07-768x1024.jpg 768w, https:\/\/delarte.es\/digitart\/wp-content\/uploads\/2023\/02\/GM_D_07-1152x1536.jpg 1152w\" sizes=\"auto, (max-width: 1368px) 100vw, 1368px\" \/><\/a><\/figure>\n\n\n\n<figure class=\"wp-block-image size-full\"><a href=\"https:\/\/delarte.es\/digitart\/wp-content\/uploads\/2023\/02\/GM_D_08.jpg\"><img loading=\"lazy\" decoding=\"async\" width=\"1368\" height=\"1824\" src=\"https:\/\/delarte.es\/digitart\/wp-content\/uploads\/2023\/02\/GM_D_08.jpg\" alt=\"\" class=\"wp-image-1478\" srcset=\"https:\/\/delarte.es\/digitart\/wp-content\/uploads\/2023\/02\/GM_D_08.jpg 1368w, https:\/\/delarte.es\/digitart\/wp-content\/uploads\/2023\/02\/GM_D_08-450x600.jpg 450w, https:\/\/delarte.es\/digitart\/wp-content\/uploads\/2023\/02\/GM_D_08-810x1080.jpg 810w, https:\/\/delarte.es\/digitart\/wp-content\/uploads\/2023\/02\/GM_D_08-768x1024.jpg 768w, https:\/\/delarte.es\/digitart\/wp-content\/uploads\/2023\/02\/GM_D_08-1152x1536.jpg 1152w\" sizes=\"auto, (max-width: 1368px) 100vw, 1368px\" \/><\/a><\/figure>\n\n\n\n<figure class=\"wp-block-image size-full\"><a href=\"https:\/\/delarte.es\/digitart\/wp-content\/uploads\/2023\/02\/GM_D_09.jpg\"><img loading=\"lazy\" decoding=\"async\" width=\"1368\" height=\"1824\" src=\"https:\/\/delarte.es\/digitart\/wp-content\/uploads\/2023\/02\/GM_D_09.jpg\" alt=\"\" class=\"wp-image-1479\" srcset=\"https:\/\/delarte.es\/digitart\/wp-content\/uploads\/2023\/02\/GM_D_09.jpg 1368w, https:\/\/delarte.es\/digitart\/wp-content\/uploads\/2023\/02\/GM_D_09-450x600.jpg 450w, https:\/\/delarte.es\/digitart\/wp-content\/uploads\/2023\/02\/GM_D_09-810x1080.jpg 810w, https:\/\/delarte.es\/digitart\/wp-content\/uploads\/2023\/02\/GM_D_09-768x1024.jpg 768w, https:\/\/delarte.es\/digitart\/wp-content\/uploads\/2023\/02\/GM_D_09-1152x1536.jpg 1152w\" sizes=\"auto, (max-width: 1368px) 100vw, 1368px\" \/><\/a><\/figure>\n\n\n\n<figure class=\"wp-block-image size-full\"><a href=\"https:\/\/delarte.es\/digitart\/wp-content\/uploads\/2023\/02\/GM_D_10.jpg\"><img loading=\"lazy\" decoding=\"async\" width=\"1824\" height=\"1368\" src=\"https:\/\/delarte.es\/digitart\/wp-content\/uploads\/2023\/02\/GM_D_10.jpg\" alt=\"\" class=\"wp-image-1480\" srcset=\"https:\/\/delarte.es\/digitart\/wp-content\/uploads\/2023\/02\/GM_D_10.jpg 1824w, https:\/\/delarte.es\/digitart\/wp-content\/uploads\/2023\/02\/GM_D_10-600x450.jpg 600w, https:\/\/delarte.es\/digitart\/wp-content\/uploads\/2023\/02\/GM_D_10-1440x1080.jpg 1440w, https:\/\/delarte.es\/digitart\/wp-content\/uploads\/2023\/02\/GM_D_10-768x576.jpg 768w, https:\/\/delarte.es\/digitart\/wp-content\/uploads\/2023\/02\/GM_D_10-1536x1152.jpg 1536w\" sizes=\"auto, (max-width: 1824px) 100vw, 1824px\" \/><\/a><\/figure>\n\n\n\n<figure class=\"wp-block-image size-full\"><a href=\"https:\/\/delarte.es\/digitart\/wp-content\/uploads\/2023\/02\/GM_D_11.jpg\"><img loading=\"lazy\" decoding=\"async\" width=\"1824\" height=\"1368\" src=\"https:\/\/delarte.es\/digitart\/wp-content\/uploads\/2023\/02\/GM_D_11.jpg\" alt=\"\" class=\"wp-image-1481\" srcset=\"https:\/\/delarte.es\/digitart\/wp-content\/uploads\/2023\/02\/GM_D_11.jpg 1824w, https:\/\/delarte.es\/digitart\/wp-content\/uploads\/2023\/02\/GM_D_11-600x450.jpg 600w, https:\/\/delarte.es\/digitart\/wp-content\/uploads\/2023\/02\/GM_D_11-1440x1080.jpg 1440w, https:\/\/delarte.es\/digitart\/wp-content\/uploads\/2023\/02\/GM_D_11-768x576.jpg 768w, https:\/\/delarte.es\/digitart\/wp-content\/uploads\/2023\/02\/GM_D_11-1536x1152.jpg 1536w\" sizes=\"auto, (max-width: 1824px) 100vw, 1824px\" \/><\/a><\/figure>\n\n\n\n<figure class=\"wp-block-image size-full\"><a href=\"https:\/\/delarte.es\/digitart\/wp-content\/uploads\/2023\/02\/GM_D_12.jpg\"><img loading=\"lazy\" decoding=\"async\" width=\"1368\" height=\"1824\" src=\"https:\/\/delarte.es\/digitart\/wp-content\/uploads\/2023\/02\/GM_D_12.jpg\" alt=\"\" class=\"wp-image-1482\" srcset=\"https:\/\/delarte.es\/digitart\/wp-content\/uploads\/2023\/02\/GM_D_12.jpg 1368w, https:\/\/delarte.es\/digitart\/wp-content\/uploads\/2023\/02\/GM_D_12-450x600.jpg 450w, https:\/\/delarte.es\/digitart\/wp-content\/uploads\/2023\/02\/GM_D_12-810x1080.jpg 810w, https:\/\/delarte.es\/digitart\/wp-content\/uploads\/2023\/02\/GM_D_12-768x1024.jpg 768w, https:\/\/delarte.es\/digitart\/wp-content\/uploads\/2023\/02\/GM_D_12-1152x1536.jpg 1152w\" sizes=\"auto, (max-width: 1368px) 100vw, 1368px\" \/><\/a><\/figure>\n\n\n\n<figure class=\"wp-block-image size-full\"><a href=\"https:\/\/delarte.es\/digitart\/wp-content\/uploads\/2023\/02\/GM_D_13.jpg\"><img loading=\"lazy\" decoding=\"async\" width=\"1824\" height=\"1368\" src=\"https:\/\/delarte.es\/digitart\/wp-content\/uploads\/2023\/02\/GM_D_13.jpg\" alt=\"\" class=\"wp-image-1483\" srcset=\"https:\/\/delarte.es\/digitart\/wp-content\/uploads\/2023\/02\/GM_D_13.jpg 1824w, https:\/\/delarte.es\/digitart\/wp-content\/uploads\/2023\/02\/GM_D_13-600x450.jpg 600w, https:\/\/delarte.es\/digitart\/wp-content\/uploads\/2023\/02\/GM_D_13-1440x1080.jpg 1440w, https:\/\/delarte.es\/digitart\/wp-content\/uploads\/2023\/02\/GM_D_13-768x576.jpg 768w, https:\/\/delarte.es\/digitart\/wp-content\/uploads\/2023\/02\/GM_D_13-1536x1152.jpg 1536w\" sizes=\"auto, (max-width: 1824px) 100vw, 1824px\" \/><\/a><\/figure>\n\n\n\n<figure class=\"wp-block-image size-full\"><a href=\"https:\/\/delarte.es\/digitart\/wp-content\/uploads\/2023\/02\/GM_D_14.jpg\"><img loading=\"lazy\" decoding=\"async\" width=\"1368\" height=\"1824\" src=\"https:\/\/delarte.es\/digitart\/wp-content\/uploads\/2023\/02\/GM_D_14.jpg\" alt=\"\" class=\"wp-image-1484\" srcset=\"https:\/\/delarte.es\/digitart\/wp-content\/uploads\/2023\/02\/GM_D_14.jpg 1368w, https:\/\/delarte.es\/digitart\/wp-content\/uploads\/2023\/02\/GM_D_14-450x600.jpg 450w, https:\/\/delarte.es\/digitart\/wp-content\/uploads\/2023\/02\/GM_D_14-810x1080.jpg 810w, https:\/\/delarte.es\/digitart\/wp-content\/uploads\/2023\/02\/GM_D_14-768x1024.jpg 768w, https:\/\/delarte.es\/digitart\/wp-content\/uploads\/2023\/02\/GM_D_14-1152x1536.jpg 1152w\" sizes=\"auto, (max-width: 1368px) 100vw, 1368px\" \/><\/a><\/figure>\n\n\n\n<figure class=\"wp-block-image size-full\"><a href=\"https:\/\/delarte.es\/digitart\/wp-content\/uploads\/2023\/02\/GM_D_15.jpg\"><img loading=\"lazy\" decoding=\"async\" width=\"1368\" height=\"1824\" src=\"https:\/\/delarte.es\/digitart\/wp-content\/uploads\/2023\/02\/GM_D_15.jpg\" alt=\"\" class=\"wp-image-1485\" srcset=\"https:\/\/delarte.es\/digitart\/wp-content\/uploads\/2023\/02\/GM_D_15.jpg 1368w, https:\/\/delarte.es\/digitart\/wp-content\/uploads\/2023\/02\/GM_D_15-450x600.jpg 450w, https:\/\/delarte.es\/digitart\/wp-content\/uploads\/2023\/02\/GM_D_15-810x1080.jpg 810w, https:\/\/delarte.es\/digitart\/wp-content\/uploads\/2023\/02\/GM_D_15-768x1024.jpg 768w, https:\/\/delarte.es\/digitart\/wp-content\/uploads\/2023\/02\/GM_D_15-1152x1536.jpg 1152w\" sizes=\"auto, (max-width: 1368px) 100vw, 1368px\" \/><\/a><\/figure>\n\n\n\n<figure class=\"wp-block-image size-full\"><a href=\"https:\/\/delarte.es\/digitart\/wp-content\/uploads\/2023\/02\/GM_D_16.jpg\"><img loading=\"lazy\" decoding=\"async\" width=\"1824\" height=\"1368\" src=\"https:\/\/delarte.es\/digitart\/wp-content\/uploads\/2023\/02\/GM_D_16.jpg\" alt=\"\" class=\"wp-image-1486\" srcset=\"https:\/\/delarte.es\/digitart\/wp-content\/uploads\/2023\/02\/GM_D_16.jpg 1824w, https:\/\/delarte.es\/digitart\/wp-content\/uploads\/2023\/02\/GM_D_16-600x450.jpg 600w, https:\/\/delarte.es\/digitart\/wp-content\/uploads\/2023\/02\/GM_D_16-1440x1080.jpg 1440w, https:\/\/delarte.es\/digitart\/wp-content\/uploads\/2023\/02\/GM_D_16-768x576.jpg 768w, https:\/\/delarte.es\/digitart\/wp-content\/uploads\/2023\/02\/GM_D_16-1536x1152.jpg 1536w\" sizes=\"auto, (max-width: 1824px) 100vw, 1824px\" \/><\/a><\/figure>\n\n\n\n<figure class=\"wp-block-image size-full\"><a href=\"https:\/\/delarte.es\/digitart\/wp-content\/uploads\/2023\/02\/GM_D_17.jpg\"><img loading=\"lazy\" decoding=\"async\" width=\"1368\" height=\"1824\" src=\"https:\/\/delarte.es\/digitart\/wp-content\/uploads\/2023\/02\/GM_D_17.jpg\" alt=\"\" class=\"wp-image-1487\" srcset=\"https:\/\/delarte.es\/digitart\/wp-content\/uploads\/2023\/02\/GM_D_17.jpg 1368w, https:\/\/delarte.es\/digitart\/wp-content\/uploads\/2023\/02\/GM_D_17-450x600.jpg 450w, https:\/\/delarte.es\/digitart\/wp-content\/uploads\/2023\/02\/GM_D_17-810x1080.jpg 810w, https:\/\/delarte.es\/digitart\/wp-content\/uploads\/2023\/02\/GM_D_17-768x1024.jpg 768w, https:\/\/delarte.es\/digitart\/wp-content\/uploads\/2023\/02\/GM_D_17-1152x1536.jpg 1152w\" sizes=\"auto, (max-width: 1368px) 100vw, 1368px\" \/><\/a><\/figure>\n\n\n\n<figure class=\"wp-block-image size-full\"><a href=\"https:\/\/delarte.es\/digitart\/wp-content\/uploads\/2023\/02\/GM_D_18.jpg\"><img loading=\"lazy\" decoding=\"async\" width=\"1824\" height=\"1368\" src=\"https:\/\/delarte.es\/digitart\/wp-content\/uploads\/2023\/02\/GM_D_18.jpg\" alt=\"\" class=\"wp-image-1488\" srcset=\"https:\/\/delarte.es\/digitart\/wp-content\/uploads\/2023\/02\/GM_D_18.jpg 1824w, https:\/\/delarte.es\/digitart\/wp-content\/uploads\/2023\/02\/GM_D_18-600x450.jpg 600w, https:\/\/delarte.es\/digitart\/wp-content\/uploads\/2023\/02\/GM_D_18-1440x1080.jpg 1440w, https:\/\/delarte.es\/digitart\/wp-content\/uploads\/2023\/02\/GM_D_18-768x576.jpg 768w, https:\/\/delarte.es\/digitart\/wp-content\/uploads\/2023\/02\/GM_D_18-1536x1152.jpg 1536w\" sizes=\"auto, (max-width: 1824px) 100vw, 1824px\" \/><\/a><\/figure>\n\n\n\n<figure class=\"wp-block-image size-full\"><a href=\"https:\/\/delarte.es\/digitart\/wp-content\/uploads\/2023\/02\/GM_D_19.jpg\"><img loading=\"lazy\" decoding=\"async\" width=\"1824\" height=\"1368\" src=\"https:\/\/delarte.es\/digitart\/wp-content\/uploads\/2023\/02\/GM_D_19.jpg\" alt=\"\" class=\"wp-image-1489\" srcset=\"https:\/\/delarte.es\/digitart\/wp-content\/uploads\/2023\/02\/GM_D_19.jpg 1824w, https:\/\/delarte.es\/digitart\/wp-content\/uploads\/2023\/02\/GM_D_19-600x450.jpg 600w, https:\/\/delarte.es\/digitart\/wp-content\/uploads\/2023\/02\/GM_D_19-1440x1080.jpg 1440w, https:\/\/delarte.es\/digitart\/wp-content\/uploads\/2023\/02\/GM_D_19-768x576.jpg 768w, https:\/\/delarte.es\/digitart\/wp-content\/uploads\/2023\/02\/GM_D_19-1536x1152.jpg 1536w\" sizes=\"auto, (max-width: 1824px) 100vw, 1824px\" \/><\/a><\/figure>\n\n\n\n<figure class=\"wp-block-image size-full\"><a href=\"https:\/\/delarte.es\/digitart\/wp-content\/uploads\/2023\/02\/GM_D_20.jpg\"><img loading=\"lazy\" decoding=\"async\" width=\"1368\" height=\"1824\" src=\"https:\/\/delarte.es\/digitart\/wp-content\/uploads\/2023\/02\/GM_D_20.jpg\" alt=\"\" class=\"wp-image-1490\" srcset=\"https:\/\/delarte.es\/digitart\/wp-content\/uploads\/2023\/02\/GM_D_20.jpg 1368w, https:\/\/delarte.es\/digitart\/wp-content\/uploads\/2023\/02\/GM_D_20-450x600.jpg 450w, https:\/\/delarte.es\/digitart\/wp-content\/uploads\/2023\/02\/GM_D_20-810x1080.jpg 810w, https:\/\/delarte.es\/digitart\/wp-content\/uploads\/2023\/02\/GM_D_20-768x1024.jpg 768w, https:\/\/delarte.es\/digitart\/wp-content\/uploads\/2023\/02\/GM_D_20-1152x1536.jpg 1152w\" sizes=\"auto, (max-width: 1368px) 100vw, 1368px\" \/><\/a><\/figure>\n\n\n\n<figure class=\"wp-block-image size-full\"><a href=\"https:\/\/delarte.es\/digitart\/wp-content\/uploads\/2023\/02\/GM_D_21.jpg\"><img loading=\"lazy\" decoding=\"async\" width=\"1824\" height=\"1368\" src=\"https:\/\/delarte.es\/digitart\/wp-content\/uploads\/2023\/02\/GM_D_21.jpg\" alt=\"\" class=\"wp-image-1491\" srcset=\"https:\/\/delarte.es\/digitart\/wp-content\/uploads\/2023\/02\/GM_D_21.jpg 1824w, https:\/\/delarte.es\/digitart\/wp-content\/uploads\/2023\/02\/GM_D_21-600x450.jpg 600w, https:\/\/delarte.es\/digitart\/wp-content\/uploads\/2023\/02\/GM_D_21-1440x1080.jpg 1440w, https:\/\/delarte.es\/digitart\/wp-content\/uploads\/2023\/02\/GM_D_21-768x576.jpg 768w, https:\/\/delarte.es\/digitart\/wp-content\/uploads\/2023\/02\/GM_D_21-1536x1152.jpg 1536w\" sizes=\"auto, (max-width: 1824px) 100vw, 1824px\" \/><\/a><\/figure>\n\n\n\n<figure class=\"wp-block-image size-full\"><a href=\"https:\/\/delarte.es\/digitart\/wp-content\/uploads\/2023\/02\/GM_D_22.jpg\"><img loading=\"lazy\" decoding=\"async\" width=\"1368\" height=\"1824\" src=\"https:\/\/delarte.es\/digitart\/wp-content\/uploads\/2023\/02\/GM_D_22.jpg\" alt=\"\" class=\"wp-image-1492\" srcset=\"https:\/\/delarte.es\/digitart\/wp-content\/uploads\/2023\/02\/GM_D_22.jpg 1368w, https:\/\/delarte.es\/digitart\/wp-content\/uploads\/2023\/02\/GM_D_22-450x600.jpg 450w, https:\/\/delarte.es\/digitart\/wp-content\/uploads\/2023\/02\/GM_D_22-810x1080.jpg 810w, https:\/\/delarte.es\/digitart\/wp-content\/uploads\/2023\/02\/GM_D_22-768x1024.jpg 768w, https:\/\/delarte.es\/digitart\/wp-content\/uploads\/2023\/02\/GM_D_22-1152x1536.jpg 1152w\" sizes=\"auto, (max-width: 1368px) 100vw, 1368px\" \/><\/a><\/figure>\n\n\n\n<figure class=\"wp-block-image size-full\"><a href=\"https:\/\/delarte.es\/digitart\/wp-content\/uploads\/2023\/02\/GM_D_23.jpg\"><img loading=\"lazy\" decoding=\"async\" width=\"1824\" height=\"1368\" src=\"https:\/\/delarte.es\/digitart\/wp-content\/uploads\/2023\/02\/GM_D_23.jpg\" alt=\"\" class=\"wp-image-1493\" srcset=\"https:\/\/delarte.es\/digitart\/wp-content\/uploads\/2023\/02\/GM_D_23.jpg 1824w, https:\/\/delarte.es\/digitart\/wp-content\/uploads\/2023\/02\/GM_D_23-600x450.jpg 600w, https:\/\/delarte.es\/digitart\/wp-content\/uploads\/2023\/02\/GM_D_23-1440x1080.jpg 1440w, https:\/\/delarte.es\/digitart\/wp-content\/uploads\/2023\/02\/GM_D_23-768x576.jpg 768w, https:\/\/delarte.es\/digitart\/wp-content\/uploads\/2023\/02\/GM_D_23-1536x1152.jpg 1536w\" sizes=\"auto, (max-width: 1824px) 100vw, 1824px\" \/><\/a><\/figure>\n\n\n\n<figure class=\"wp-block-image size-full\"><a href=\"https:\/\/delarte.es\/digitart\/wp-content\/uploads\/2023\/02\/GM_D_25.jpg\"><img loading=\"lazy\" decoding=\"async\" width=\"1824\" height=\"1368\" src=\"https:\/\/delarte.es\/digitart\/wp-content\/uploads\/2023\/02\/GM_D_25.jpg\" alt=\"\" class=\"wp-image-1494\" srcset=\"https:\/\/delarte.es\/digitart\/wp-content\/uploads\/2023\/02\/GM_D_25.jpg 1824w, https:\/\/delarte.es\/digitart\/wp-content\/uploads\/2023\/02\/GM_D_25-600x450.jpg 600w, https:\/\/delarte.es\/digitart\/wp-content\/uploads\/2023\/02\/GM_D_25-1440x1080.jpg 1440w, https:\/\/delarte.es\/digitart\/wp-content\/uploads\/2023\/02\/GM_D_25-768x576.jpg 768w, https:\/\/delarte.es\/digitart\/wp-content\/uploads\/2023\/02\/GM_D_25-1536x1152.jpg 1536w\" sizes=\"auto, (max-width: 1824px) 100vw, 1824px\" \/><\/a><\/figure>\n\n\n\n<figure class=\"wp-block-image size-full\"><a href=\"https:\/\/delarte.es\/digitart\/wp-content\/uploads\/2023\/02\/GM_D_26.jpg\"><img loading=\"lazy\" decoding=\"async\" width=\"1368\" height=\"1824\" src=\"https:\/\/delarte.es\/digitart\/wp-content\/uploads\/2023\/02\/GM_D_26.jpg\" alt=\"\" class=\"wp-image-1495\" srcset=\"https:\/\/delarte.es\/digitart\/wp-content\/uploads\/2023\/02\/GM_D_26.jpg 1368w, https:\/\/delarte.es\/digitart\/wp-content\/uploads\/2023\/02\/GM_D_26-450x600.jpg 450w, https:\/\/delarte.es\/digitart\/wp-content\/uploads\/2023\/02\/GM_D_26-810x1080.jpg 810w, https:\/\/delarte.es\/digitart\/wp-content\/uploads\/2023\/02\/GM_D_26-768x1024.jpg 768w, https:\/\/delarte.es\/digitart\/wp-content\/uploads\/2023\/02\/GM_D_26-1152x1536.jpg 1152w\" sizes=\"auto, (max-width: 1368px) 100vw, 1368px\" \/><\/a><\/figure>\n<\/figure>\n<\/div><\/div>\n","protected":false},"excerpt":{"rendered":"<p>Madrid del Cielo Este proyecto naci\u00f3 hace varios a\u00f1os, expresando mi propia necesidad de enfocar la mirada al cielo, a las alturas. Por un lado, en atenci\u00f3n a la arquitectura emblem\u00e1tica que configura la ciudad de Madrid, desde la dimensi\u00f3n humana, con sus alturas y diversidad de formas, y de c\u00f3mo sus perfiles recortan el&#8230;<\/p>\n","protected":false},"author":1,"featured_media":0,"parent":0,"menu_order":0,"comment_status":"closed","ping_status":"closed","template":"","meta":{"_uag_custom_page_level_css":"","_kad_post_transparent":"","_kad_post_title":"","_kad_post_layout":"","_kad_post_sidebar_id":"","_kad_post_content_style":"","_kad_post_vertical_padding":"","_kad_post_feature":"","_kad_post_feature_position":"","_kad_post_header":false,"_kad_post_footer":false,"_kad_post_classname":"","footnotes":""},"class_list":["post-1447","page","type-page","status-publish","hentry"],"uagb_featured_image_src":{"full":false,"thumbnail":false,"medium":false,"medium_large":false,"large":false,"1536x1536":false,"2048x2048":false},"uagb_author_info":{"display_name":"David-Deliel","author_link":"https:\/\/delarte.es\/digitart\/author\/admin\/"},"uagb_comment_info":0,"uagb_excerpt":"Madrid del Cielo Este proyecto naci\u00f3 hace varios a\u00f1os, expresando mi propia necesidad de enfocar la mirada al cielo, a las alturas. Por un lado, en atenci\u00f3n a la arquitectura emblem\u00e1tica que configura la ciudad de Madrid, desde la dimensi\u00f3n humana, con sus alturas y diversidad de formas, y de c\u00f3mo sus perfiles recortan el...","_links":{"self":[{"href":"https:\/\/delarte.es\/digitart\/wp-json\/wp\/v2\/pages\/1447","targetHints":{"allow":["GET"]}}],"collection":[{"href":"https:\/\/delarte.es\/digitart\/wp-json\/wp\/v2\/pages"}],"about":[{"href":"https:\/\/delarte.es\/digitart\/wp-json\/wp\/v2\/types\/page"}],"author":[{"embeddable":true,"href":"https:\/\/delarte.es\/digitart\/wp-json\/wp\/v2\/users\/1"}],"replies":[{"embeddable":true,"href":"https:\/\/delarte.es\/digitart\/wp-json\/wp\/v2\/comments?post=1447"}],"version-history":[{"count":10,"href":"https:\/\/delarte.es\/digitart\/wp-json\/wp\/v2\/pages\/1447\/revisions"}],"predecessor-version":[{"id":1531,"href":"https:\/\/delarte.es\/digitart\/wp-json\/wp\/v2\/pages\/1447\/revisions\/1531"}],"wp:attachment":[{"href":"https:\/\/delarte.es\/digitart\/wp-json\/wp\/v2\/media?parent=1447"}],"curies":[{"name":"wp","href":"https:\/\/api.w.org\/{rel}","templated":true}]}}