{"id":1322,"date":"2023-01-31T12:08:45","date_gmt":"2023-01-31T11:08:45","guid":{"rendered":"https:\/\/delarte.es\/digitart\/?page_id=1322"},"modified":"2025-04-18T12:08:46","modified_gmt":"2025-04-18T10:08:46","slug":"proyectos","status":"publish","type":"page","link":"https:\/\/delarte.es\/digitart\/proyectos\/","title":{"rendered":"Proyectos"},"content":{"rendered":"\n<div class=\"wp-block-group\"><div class=\"wp-block-group__inner-container is-layout-constrained wp-block-group-is-layout-constrained\">\n<div class=\"wp-block-columns is-layout-flex wp-container-core-columns-is-layout-1 wp-block-columns-is-layout-flex\">\n<div class=\"wp-block-column is-layout-flow wp-block-column-is-layout-flow\"><div class=\"n2-section-smartslider fitvidsignore  n2_clear\" data-ssid=\"2\" tabindex=\"0\" role=\"region\" aria-label=\"Slider\"><div id=\"n2-ss-2-align\" class=\"n2-ss-align\"><div class=\"n2-padding\"><div id=\"n2-ss-2\" data-creator=\"Smart Slider 3\" data-responsive=\"fullwidth\" class=\"n2-ss-slider n2-ow n2-has-hover n2notransition  \">\n\n\n\n<div class=\"n2-ss-slider-wrapper-inside\">\n        <div class=\"n2-ss-slider-1 n2_ss__touch_element n2-ow\">\n            <div class=\"n2-ss-slider-2 n2-ow\">\n                                                <div class=\"n2-ss-slider-3 n2-ow\">\n\n                    <div class=\"n2-ss-slide-backgrounds n2-ow-all\"><div class=\"n2-ss-slide-background\" data-public-id=\"1\" data-mode=\"fill\"><div class=\"n2-ss-slide-background-image\" data-blur=\"0\" data-opacity=\"100\" data-x=\"47\" data-y=\"82\" data-alt=\"4torres\" data-title=\"4T_1\" style=\"--ss-o-pos-x:47%;--ss-o-pos-y:82%\"><picture class=\"skip-lazy\" data-skip-lazy=\"1\"><img decoding=\"async\" src=\"\/\/delarte.es\/digitart\/wp-content\/uploads\/2023\/01\/D_T01.jpg\" alt=\"4torres\" title=\"4T_1\" loading=\"lazy\" class=\"skip-lazy\" data-skip-lazy=\"1\"><\/picture><\/div><div data-color=\"RGBA(255,255,255,0)\" style=\"background-color: RGBA(255,255,255,0);\" class=\"n2-ss-slide-background-color\"><\/div><\/div><div class=\"n2-ss-slide-background\" data-public-id=\"2\" data-mode=\"fill\" aria-hidden=\"true\"><div class=\"n2-ss-slide-background-image\" data-blur=\"0\" data-opacity=\"100\" data-x=\"51\" data-y=\"28\" data-alt=\"Madrid nevado\" data-title=\"Madrid nevado\" style=\"--ss-o-pos-x:51%;--ss-o-pos-y:28%\"><picture class=\"skip-lazy\" data-skip-lazy=\"1\"><img decoding=\"async\" src=\"\/\/delarte.es\/digitart\/wp-content\/uploads\/2023\/01\/D_N.jpg\" alt=\"Madrid nevado\" title=\"Madrid nevado\" loading=\"lazy\" class=\"skip-lazy\" data-skip-lazy=\"1\"><\/picture><\/div><div data-color=\"RGBA(255,255,255,0)\" style=\"background-color: RGBA(255,255,255,0);\" class=\"n2-ss-slide-background-color\"><\/div><\/div><div class=\"n2-ss-slide-background\" data-public-id=\"3\" data-mode=\"fill\" aria-hidden=\"true\"><div class=\"n2-ss-slide-background-image\" data-blur=\"0\" data-opacity=\"100\" data-x=\"55\" data-y=\"69\" data-alt=\"A_cristal 08\" data-title=\"\" style=\"--ss-o-pos-x:55%;--ss-o-pos-y:69%\"><picture class=\"skip-lazy\" data-skip-lazy=\"1\"><img decoding=\"async\" src=\"\/\/delarte.es\/digitart\/wp-content\/uploads\/2023\/01\/A_cristal-08.jpg\" alt=\"A_cristal 08\" title=\"\" loading=\"lazy\" class=\"skip-lazy\" data-skip-lazy=\"1\"><\/picture><\/div><div data-color=\"RGBA(255,255,255,0)\" style=\"background-color: RGBA(255,255,255,0);\" class=\"n2-ss-slide-background-color\"><\/div><\/div><div class=\"n2-ss-slide-background\" data-public-id=\"4\" data-mode=\"fill\" aria-hidden=\"true\"><div class=\"n2-ss-slide-background-image\" data-blur=\"0\" data-opacity=\"100\" data-x=\"43\" data-y=\"10\" data-alt=\"\" data-title=\"\" style=\"--ss-o-pos-x:43%;--ss-o-pos-y:10%\"><picture class=\"skip-lazy\" data-skip-lazy=\"1\"><img decoding=\"async\" src=\"\/\/delarte.es\/digitart\/wp-content\/uploads\/2022\/11\/Moment.jpg\" alt=\"\" title=\"\" loading=\"lazy\" class=\"skip-lazy\" data-skip-lazy=\"1\"><\/picture><\/div><div data-color=\"RGBA(255,255,255,0)\" style=\"background-color: RGBA(255,255,255,0);\" class=\"n2-ss-slide-background-color\"><\/div><\/div><\/div>                    <div class=\"n2-ss-slider-4 n2-ow\">\n                        <svg xmlns=\"http:\/\/www.w3.org\/2000\/svg\" viewBox=\"0 0 1905 600\" data-related-device=\"desktopPortrait\" class=\"n2-ow n2-ss-preserve-size n2-ss-preserve-size--slider n2-ss-slide-limiter\"><\/svg><div data-first=\"1\" data-slide-duration=\"0\" data-id=\"6\" data-slide-public-id=\"1\" data-title=\"P_Urbano\" class=\"n2-ss-slide n2-ow  n2-ss-slide-6\"><div role=\"note\" class=\"n2-ss-slide--focus\" tabindex=\"-1\">P_Urbano<\/div><div class=\"n2-ss-layers-container n2-ss-slide-limiter n2-ow\"><div class=\"n2-ss-layer n2-ow n-uc-PZDGue1PuoTk\" data-sstype=\"slide\" data-pm=\"default\"><\/div><\/div><\/div><div data-slide-duration=\"0\" data-id=\"7\" data-slide-public-id=\"2\" aria-hidden=\"true\" data-title=\"D_N\" class=\"n2-ss-slide n2-ow  n2-ss-slide-7\"><div role=\"note\" class=\"n2-ss-slide--focus\" tabindex=\"-1\">D_N<\/div><div class=\"n2-ss-layers-container n2-ss-slide-limiter n2-ow\"><div class=\"n2-ss-layer n2-ow n-uc-KsY0LihGFvni\" data-sstype=\"slide\" data-pm=\"default\"><\/div><\/div><\/div><div data-slide-duration=\"0\" data-id=\"8\" data-slide-public-id=\"3\" aria-hidden=\"true\" data-title=\"A_cristal 08\" class=\"n2-ss-slide n2-ow  n2-ss-slide-8\"><div role=\"note\" class=\"n2-ss-slide--focus\" tabindex=\"-1\">A_cristal 08<\/div><div class=\"n2-ss-layers-container n2-ss-slide-limiter n2-ow\"><div class=\"n2-ss-layer n2-ow n-uc-1jKMKZ6LfIJj\" data-sstype=\"slide\" data-pm=\"default\"><\/div><\/div><\/div><div data-slide-duration=\"0\" data-id=\"9\" data-slide-public-id=\"4\" aria-hidden=\"true\" data-title=\"Moment\" class=\"n2-ss-slide n2-ow  n2-ss-slide-9\"><div role=\"note\" class=\"n2-ss-slide--focus\" tabindex=\"-1\">Moment<\/div><div class=\"n2-ss-layers-container n2-ss-slide-limiter n2-ow\"><div class=\"n2-ss-layer n2-ow n-uc-4518VjsK7q4G\" data-sstype=\"slide\" data-pm=\"default\"><\/div><\/div><\/div>                    <\/div>\n\n                                    <\/div>\n            <\/div>\n        <\/div>\n        <div class=\"n2-ss-slider-controls n2-ss-slider-controls-absolute-center-bottom\"><div style=\"--widget-offset:10px;\" class=\"n2-ss-widget n2-ss-control-bullet n2-ow-all n2-ss-control-bullet-horizontal\" data-hide-tabletportrait=\"1\" data-hide-mobileportrait=\"1\"><div class=\" nextend-bullet-bar n2-bar-justify-content-center\" role=\"group\" aria-label=\"Choose slide to display.\"><div class=\"n2-bullet n2-style-785355f374be86c332d4665aae819858-dot \" style=\"visibility:hidden;\"><\/div><\/div><\/div><\/div><\/div><\/div><ss3-loader><\/ss3-loader><\/div><\/div><div class=\"n2_clear\"><\/div><\/div><\/div>\n<\/div>\n<\/div><\/div>\n\n\n\n<div style=\"height:39px\" aria-hidden=\"true\" class=\"wp-block-spacer\"><\/div>\n\n\n\n<div class=\"wp-block-group has-theme-palette-4-background-color has-background\"><div class=\"wp-block-group__inner-container is-layout-constrained wp-block-group-is-layout-constrained\">\n<div class=\"wp-block-columns is-layout-flex wp-container-core-columns-is-layout-2 wp-block-columns-is-layout-flex\">\n<div class=\"wp-block-column is-layout-flow wp-block-column-is-layout-flow\">\n<div class=\"wp-block-media-text is-stacked-on-mobile\"><figure class=\"wp-block-media-text__media\"><a href=\"https:\/\/delarte.es\/digitart\/la-divina-comedia\/\"><img loading=\"lazy\" decoding=\"async\" width=\"1344\" height=\"768\" src=\"https:\/\/delarte.es\/digitart\/wp-content\/uploads\/2024\/10\/00016-2511395885.png\" alt=\"\" class=\"wp-image-3414 size-full\" srcset=\"https:\/\/delarte.es\/digitart\/wp-content\/uploads\/2024\/10\/00016-2511395885.png 1344w, https:\/\/delarte.es\/digitart\/wp-content\/uploads\/2024\/10\/00016-2511395885-600x343.png 600w, https:\/\/delarte.es\/digitart\/wp-content\/uploads\/2024\/10\/00016-2511395885-768x439.png 768w\" sizes=\"auto, (max-width: 1344px) 100vw, 1344px\" \/><\/a><\/figure><div class=\"wp-block-media-text__content\">\n<h3 class=\"wp-block-heading has-theme-palette-9-color has-text-color has-link-color wp-elements-f20c766d576420751d637935c951159e\">La Divina Comedia<\/h3>\n<\/div><\/div>\n\n\n\n<div class=\"wp-block-media-text alignwide is-stacked-on-mobile is-image-fill-element\"><figure class=\"wp-block-media-text__media\"><a href=\"https:\/\/delarte.es\/digitart\/madrid-del-cielo\/\"><img loading=\"lazy\" decoding=\"async\" width=\"810\" height=\"1080\" src=\"https:\/\/delarte.es\/digitart\/wp-content\/uploads\/2023\/02\/GM_D_09-810x1080.jpg\" alt=\"\" class=\"wp-image-1479 size-full\" style=\"object-position:50% 25%\" srcset=\"https:\/\/delarte.es\/digitart\/wp-content\/uploads\/2023\/02\/GM_D_09-810x1080.jpg 810w, https:\/\/delarte.es\/digitart\/wp-content\/uploads\/2023\/02\/GM_D_09-450x600.jpg 450w, https:\/\/delarte.es\/digitart\/wp-content\/uploads\/2023\/02\/GM_D_09-768x1024.jpg 768w, https:\/\/delarte.es\/digitart\/wp-content\/uploads\/2023\/02\/GM_D_09-1152x1536.jpg 1152w, https:\/\/delarte.es\/digitart\/wp-content\/uploads\/2023\/02\/GM_D_09.jpg 1368w\" sizes=\"auto, (max-width: 810px) 100vw, 810px\" \/><\/a><\/figure><div class=\"wp-block-media-text__content\">\n<h3 class=\"wp-block-heading has-theme-palette-9-color has-text-color\">Madrid del Cielo<\/h3>\n<\/div><\/div>\n\n\n\n<div class=\"wp-block-media-text alignwide is-stacked-on-mobile is-image-fill-element\"><figure class=\"wp-block-media-text__media\"><a href=\"https:\/\/delarte.es\/digitart\/encuentros\/\"><img loading=\"lazy\" decoding=\"async\" width=\"762\" height=\"1080\" src=\"https:\/\/delarte.es\/digitart\/wp-content\/uploads\/2022\/12\/Ob_39-762x1080.jpg\" alt=\"Genio\" class=\"wp-image-895 size-full\" style=\"object-position:50% 50%\" srcset=\"https:\/\/delarte.es\/digitart\/wp-content\/uploads\/2022\/12\/Ob_39-762x1080.jpg 762w, https:\/\/delarte.es\/digitart\/wp-content\/uploads\/2022\/12\/Ob_39-423x600.jpg 423w, https:\/\/delarte.es\/digitart\/wp-content\/uploads\/2022\/12\/Ob_39-768x1089.jpg 768w, https:\/\/delarte.es\/digitart\/wp-content\/uploads\/2022\/12\/Ob_39.jpg 1051w\" sizes=\"auto, (max-width: 762px) 100vw, 762px\" \/><\/a><\/figure><div class=\"wp-block-media-text__content\">\n<h3 class=\"wp-block-heading has-theme-palette-9-color has-text-color\">Encuentros urbanos<\/h3>\n\n\n\n<p><\/p>\n<\/div><\/div>\n\n\n\n<div class=\"wp-block-media-text alignwide is-stacked-on-mobile is-image-fill-element\"><figure class=\"wp-block-media-text__media\"><a href=\"https:\/\/delarte.es\/digitart\/reflejos\/\"><img loading=\"lazy\" decoding=\"async\" width=\"1375\" height=\"1080\" src=\"https:\/\/delarte.es\/digitart\/wp-content\/uploads\/2023\/02\/Reflex_23-1375x1080.jpg\" alt=\"\" class=\"wp-image-2137 size-full\" style=\"object-position:50% 50%\" srcset=\"https:\/\/delarte.es\/digitart\/wp-content\/uploads\/2023\/02\/Reflex_23-1375x1080.jpg 1375w, https:\/\/delarte.es\/digitart\/wp-content\/uploads\/2023\/02\/Reflex_23-600x471.jpg 600w, https:\/\/delarte.es\/digitart\/wp-content\/uploads\/2023\/02\/Reflex_23-768x603.jpg 768w, https:\/\/delarte.es\/digitart\/wp-content\/uploads\/2023\/02\/Reflex_23-1536x1207.jpg 1536w, https:\/\/delarte.es\/digitart\/wp-content\/uploads\/2023\/02\/Reflex_23.jpg 1739w\" sizes=\"auto, (max-width: 1375px) 100vw, 1375px\" \/><\/a><\/figure><div class=\"wp-block-media-text__content\">\n<h3 class=\"wp-block-heading has-theme-palette-9-color has-text-color\">La ciudad reflejada<\/h3>\n<\/div><\/div>\n\n\n\n<div class=\"wp-block-media-text alignwide is-stacked-on-mobile\" style=\"grid-template-columns:34% auto\"><figure class=\"wp-block-media-text__media\"><a href=\"https:\/\/delarte.es\/digitart\/gifs-animados\/\"><img loading=\"lazy\" decoding=\"async\" width=\"300\" height=\"300\" src=\"https:\/\/delarte.es\/digitart\/wp-content\/uploads\/2022\/11\/lectura-y-viento-300x300.gif\" alt=\"Enso\u00f1aci\u00f3n\" class=\"wp-image-524 size-thumbnail\"\/><\/a><\/figure><div class=\"wp-block-media-text__content\">\n<h3 class=\"wp-block-heading has-theme-palette-9-color has-text-color\">Gifs<\/h3>\n<\/div><\/div>\n<\/div>\n\n\n\n<div class=\"wp-block-column is-layout-flow wp-block-column-is-layout-flow\">\n<div class=\"wp-block-media-text alignwide is-stacked-on-mobile is-image-fill-element\"><figure class=\"wp-block-media-text__media\"><a href=\"https:\/\/delarte.es\/digitart\/bn\/\"><img loading=\"lazy\" decoding=\"async\" width=\"810\" height=\"1080\" src=\"https:\/\/delarte.es\/digitart\/wp-content\/uploads\/2023\/01\/D_TP-810x1080.jpg\" alt=\"\" class=\"wp-image-1286 size-full\" style=\"object-position:52% 23%\" srcset=\"https:\/\/delarte.es\/digitart\/wp-content\/uploads\/2023\/01\/D_TP-810x1080.jpg 810w, https:\/\/delarte.es\/digitart\/wp-content\/uploads\/2023\/01\/D_TP-450x600.jpg 450w, https:\/\/delarte.es\/digitart\/wp-content\/uploads\/2023\/01\/D_TP-768x1024.jpg 768w, https:\/\/delarte.es\/digitart\/wp-content\/uploads\/2023\/01\/D_TP-1152x1536.jpg 1152w, https:\/\/delarte.es\/digitart\/wp-content\/uploads\/2023\/01\/D_TP.jpg 1368w\" sizes=\"auto, (max-width: 810px) 100vw, 810px\" \/><\/a><\/figure><div class=\"wp-block-media-text__content\">\n<h3 class=\"wp-block-heading has-theme-palette-9-color has-text-color\">Proyecto 4Torres<\/h3>\n<\/div><\/div>\n\n\n\n<div class=\"wp-block-media-text alignwide is-stacked-on-mobile is-image-fill-element\"><figure class=\"wp-block-media-text__media\"><a href=\"https:\/\/delarte.es\/digitart\/carteles\/\"><img loading=\"lazy\" decoding=\"async\" width=\"1440\" height=\"1080\" src=\"https:\/\/delarte.es\/digitart\/wp-content\/uploads\/2023\/02\/cartel_w_-1-1440x1080.jpg\" alt=\"\" class=\"wp-image-1585 size-full\" style=\"object-position:50% 50%\" srcset=\"https:\/\/delarte.es\/digitart\/wp-content\/uploads\/2023\/02\/cartel_w_-1-1440x1080.jpg 1440w, https:\/\/delarte.es\/digitart\/wp-content\/uploads\/2023\/02\/cartel_w_-1-600x450.jpg 600w, https:\/\/delarte.es\/digitart\/wp-content\/uploads\/2023\/02\/cartel_w_-1-768x576.jpg 768w, https:\/\/delarte.es\/digitart\/wp-content\/uploads\/2023\/02\/cartel_w_-1-1536x1152.jpg 1536w, https:\/\/delarte.es\/digitart\/wp-content\/uploads\/2023\/02\/cartel_w_-1.jpg 1625w\" sizes=\"auto, (max-width: 1440px) 100vw, 1440px\" \/><\/a><\/figure><div class=\"wp-block-media-text__content\">\n<h3 class=\"wp-block-heading has-text-align-left has-theme-palette-9-color has-text-color\">Arqueolog\u00eda gr\u00e1fica urbana<\/h3>\n<\/div><\/div>\n\n\n\n<div class=\"wp-block-media-text alignwide is-stacked-on-mobile is-image-fill-element\"><figure class=\"wp-block-media-text__media\"><a href=\"https:\/\/delarte.es\/digitart\/concepto-abstraccion\/\" rel=\"concepto\"><img loading=\"lazy\" decoding=\"async\" width=\"1111\" height=\"725\" src=\"https:\/\/delarte.es\/digitart\/wp-content\/uploads\/2024\/02\/A_MoonOut.jpg\" alt=\"Superposici\u00f3n anal\u00f3gica\" class=\"wp-image-3108 size-full\" style=\"object-position:50% 50%\" srcset=\"https:\/\/delarte.es\/digitart\/wp-content\/uploads\/2024\/02\/A_MoonOut.jpg 1111w, https:\/\/delarte.es\/digitart\/wp-content\/uploads\/2024\/02\/A_MoonOut-600x392.jpg 600w, https:\/\/delarte.es\/digitart\/wp-content\/uploads\/2024\/02\/A_MoonOut-768x501.jpg 768w\" sizes=\"auto, (max-width: 1111px) 100vw, 1111px\" \/><\/a><\/figure><div class=\"wp-block-media-text__content\">\n<h3 class=\"wp-block-heading has-theme-palette-9-color has-text-color\">Concepto-Abstracci\u00f3n<\/h3>\n<\/div><\/div>\n\n\n\n<div class=\"wp-block-media-text alignwide is-stacked-on-mobile\" style=\"grid-template-columns:34% auto\"><figure class=\"wp-block-media-text__media\"><a href=\"https:\/\/delarte.es\/digitart\/ilusiones\/\"><img loading=\"lazy\" decoding=\"async\" width=\"300\" height=\"300\" src=\"https:\/\/delarte.es\/digitart\/wp-content\/uploads\/2022\/11\/Marte_Hoy-300x300.jpg\" alt=\"Marte_Hoy\" class=\"wp-image-600 size-thumbnail\"\/><\/a><\/figure><div class=\"wp-block-media-text__content\">\n<h3 class=\"wp-block-heading has-theme-palette-9-color has-text-color\">Visiones<\/h3>\n<\/div><\/div>\n<\/div>\n<\/div>\n<\/div><\/div>\n","protected":false},"excerpt":{"rendered":"<p>La Divina Comedia Madrid del Cielo Encuentros urbanos La ciudad reflejada Gifs Proyecto 4Torres Arqueolog\u00eda gr\u00e1fica urbana Concepto-Abstracci\u00f3n Visiones<\/p>\n","protected":false},"author":1,"featured_media":0,"parent":0,"menu_order":0,"comment_status":"closed","ping_status":"closed","template":"","meta":{"_uag_custom_page_level_css":"","_kad_post_transparent":"","_kad_post_title":"","_kad_post_layout":"","_kad_post_sidebar_id":"","_kad_post_content_style":"","_kad_post_vertical_padding":"","_kad_post_feature":"","_kad_post_feature_position":"","_kad_post_header":false,"_kad_post_footer":false,"_kad_post_classname":"","footnotes":""},"class_list":["post-1322","page","type-page","status-publish","hentry"],"uagb_featured_image_src":{"full":false,"thumbnail":false,"medium":false,"medium_large":false,"large":false,"1536x1536":false,"2048x2048":false},"uagb_author_info":{"display_name":"David-Deliel","author_link":"https:\/\/delarte.es\/digitart\/author\/admin\/"},"uagb_comment_info":0,"uagb_excerpt":"La Divina Comedia Madrid del Cielo Encuentros urbanos La ciudad reflejada Gifs Proyecto 4Torres Arqueolog\u00eda gr\u00e1fica urbana Concepto-Abstracci\u00f3n Visiones","_links":{"self":[{"href":"https:\/\/delarte.es\/digitart\/wp-json\/wp\/v2\/pages\/1322","targetHints":{"allow":["GET"]}}],"collection":[{"href":"https:\/\/delarte.es\/digitart\/wp-json\/wp\/v2\/pages"}],"about":[{"href":"https:\/\/delarte.es\/digitart\/wp-json\/wp\/v2\/types\/page"}],"author":[{"embeddable":true,"href":"https:\/\/delarte.es\/digitart\/wp-json\/wp\/v2\/users\/1"}],"replies":[{"embeddable":true,"href":"https:\/\/delarte.es\/digitart\/wp-json\/wp\/v2\/comments?post=1322"}],"version-history":[{"count":41,"href":"https:\/\/delarte.es\/digitart\/wp-json\/wp\/v2\/pages\/1322\/revisions"}],"predecessor-version":[{"id":3466,"href":"https:\/\/delarte.es\/digitart\/wp-json\/wp\/v2\/pages\/1322\/revisions\/3466"}],"wp:attachment":[{"href":"https:\/\/delarte.es\/digitart\/wp-json\/wp\/v2\/media?parent=1322"}],"curies":[{"name":"wp","href":"https:\/\/api.w.org\/{rel}","templated":true}]}}